{"id":28059,"date":"2024-09-05T12:44:00","date_gmt":"2024-09-05T13:44:00","guid":{"rendered":"https:\/\/www.lespetitesjoiesdelavielondonienne.com\/?page_id=28059"},"modified":"2024-09-05T12:44:06","modified_gmt":"2024-09-05T13:44:06","slug":"politique-de-confidentialite","status":"publish","type":"page","link":"https:\/\/www.lespetitesjoiesdelavielondonienne.com\/en\/politique-de-confidentialite\/","title":{"rendered":"Politique de confidentialit\u00e9"},"content":{"rendered":"\n<p>Conform\u00e9ment aux dispositions de la l\u00e9gislation en vigueur sur la protection des donn\u00e9es personnelles, nous vous informons que vos donn\u00e9es seront int\u00e9gr\u00e9es dans le syst\u00e8me de traitement appartenant \u00e0 <strong>Elodie Paramelle <\/strong>dont le si\u00e8ge social se situe \u00e0 <strong>42 rue pargamini\u00e8res<\/strong>.<\/p>\n\n\n\n<h2 id=\"conservation-des-donnees\" class=\"wp-block-heading\"><strong>Conservation des donn\u00e9es<\/strong><\/h2>\n\n\n\n<p>Conform\u00e9ment \u00e0 la r\u00e9glementation en vigueur, <strong>Elodie Paramelle <\/strong>vous informe que les donn\u00e9es seront conserv\u00e9es pendant la p\u00e9riode strictement n\u00e9cessaire \u00e0 leur traitement, en accord avec la r\u00e9glementation en vigueur localement. Par exemple, en accord avec la loi fran\u00e7aise, nous sommes dans l\u2019obligation de conserver les informations de paiement et facturation pour une p\u00e9riode de 10 ans.<\/p>\n\n\n\n<p>Jusqu\u2019\u00e0 ce que vous nous informiez du contraire, nous comprenons que vos donn\u00e9es n\u2019ont pas \u00e9t\u00e9 modifi\u00e9es, que vous acceptez de nous informer de tout changement et que nous avons votre consentement pour les utiliser aux fins mentionn\u00e9es.<\/p>\n\n\n\n<h2 id=\"traitement-des-donnees\" class=\"wp-block-heading\"><strong>Traitement des donn\u00e9es<\/strong><\/h2>\n\n\n\n<p><strong>Elodie Paramelle <\/strong>informe qu\u2019elle proc\u00e9dera au traitement des donn\u00e9es de mani\u00e8re l\u00e9gale, loyale, transparente, ad\u00e9quate, pertinente, limit\u00e9e, pr\u00e9cise et mise \u00e0 jour. C\u2019est pourquoi <strong>Elodie Paramelle <\/strong>s\u2019engage \u00e0 prendre toutes les mesures raisonnables pour que celles-ci soient supprim\u00e9es ou rectifi\u00e9es sans d\u00e9lai lorsqu\u2019elles sont inexactes.<\/p>\n\n\n\n<p><strong>Elodie Paramelle <\/strong>traitera vos donn\u00e9es afin de remplir ses obligations contractuelles pour l\u2019impression de votre commande et la gestion de votre compte client. Sans ces donn\u00e9es, nous pourrions ne pas \u00eatre en mesure de traiter votre commande ou de facturer les produits command\u00e9s.<\/p>\n\n\n\n<p><strong>Elodie Paramelle <\/strong>traitera \u00e9galement vos informations pour vous envoyer des offres promotionnelles et des informations sur les produits si vous avez donn\u00e9 le consentement pour le faire. Vous pouvez retirer votre consentement \u00e0 recevoir des informations marketing et sur les produits \u00e0 tout moment en contactant le service client.<\/p>\n\n\n\n<h2 id=\"type-de-donnees-recueillies-utilisation-et-duree-de-conservation\" class=\"wp-block-heading\"><strong>Type de donn\u00e9es recueillies, utilisation et dur\u00e9e de conservation<\/strong><\/h2>\n\n\n\n<h3 id=\"cookies\" class=\"wp-block-heading\"><strong>Cookies<\/strong><\/h3>\n\n\n\n<h3 id=\"donnees-saisies-dans-nos-formulaires-de-contact-demande-de-devis\" class=\"wp-block-heading\"><strong>Donn\u00e9es saisies dans nos formulaires de contact \/ demande de devis<\/strong><\/h3>\n\n\n\n<p>Afin de pouvoir r\u00e9pondre aux demandes de nos utilisateurs, nous stockons dans les formulaires contacts et de demande de devis les donn\u00e9es saisies par l\u2019utilisateur, qui peuvent notamment repr\u00e9senter les noms, pr\u00e9noms, adresse e-mail et t\u00e9l\u00e9phone, mais aussi curriculum vitae. Nous conservons \u00e9galement l\u2019adresse IP de l\u2019\u00e9metteur. La dur\u00e9e de conservation de ces donn\u00e9es est de 12 mois. Toutefois, en cas de spam ou de remplissage de formulaire non d\u00e9sir\u00e9, nous conservons l\u2019adresse IP de l\u2019utilisateur \u00e0 dur\u00e9e ind\u00e9termin\u00e9e, dans le cadre de notre lutte contre le spam, afin de bannir l\u2019utilisateur source d\u2019abus. Ces donn\u00e9es sont utilis\u00e9es \u00e0 but commercial dans le cas d\u2019une demande de devis ou d\u2019information commerciale. Elles ne sont transmises \u00e0 des tiers que lors d\u2019une intervention de ces tiers comme sous-traitants. Ces derniers sont alors soumis aux m\u00eames r\u00e8gles de confidentialit\u00e9 que <strong>Elodie Paramelle<\/strong> et ne peuvent transmettre, r\u00e9utiliser ou conserver ces donn\u00e9es hors du contrat de confidentialit\u00e9 et d\u2019utilisation des donn\u00e9es pass\u00e9 entre&nbsp; <strong>Elodie Paramelle<\/strong> et l\u2019utilisateur.<\/p>\n\n\n\n<h3 id=\"donnees-fournies-dans-le-cadre-de-linscription-a-la-newsletter\" class=\"wp-block-heading\"><strong>Donn\u00e9es fournies dans le cadre de l\u2019inscription \u00e0 la newsletter<\/strong><\/h3>\n\n\n\n<p>Les donn\u00e9es fournies lors de l\u2019inscription \u00e0 la newsletter, \u00e0 savoir l\u2019e-mail et optionnellement les noms et pr\u00e9noms sont conserv\u00e9es sans limite de dur\u00e9e sans action sp\u00e9cifique de l\u2019utilisateur. Une fois l\u2019inscription valid\u00e9e par l\u2019utilisateur, ce dernier peut r\u00e9silier \u00e0 tout moment son abonnement. En cas de d\u00e9sabonnement, ses donn\u00e9es sont supprim\u00e9es.<\/p>\n\n\n\n<h3 id=\"donnees-fournies-dans-le-cadre-de-ventes-en-ligne\" class=\"wp-block-heading\"><strong>Donn\u00e9es fournies dans le cadre de ventes en ligne<\/strong><\/h3>\n\n\n\n<p>Les donn\u00e9es de compte utilisateur, d\u00e9tails des achats, adresse de livraison sont conserv\u00e9es \u00e0 dur\u00e9e illimit\u00e9e. L\u2019utilisateur a acc\u00e8s \u00e0 la rectification ou \u00e0 la suppression de ses donn\u00e9es via son compte utilisateur. Lors de la suppression de son compte, l\u2019int\u00e9gralit\u00e9 des donn\u00e9es est supprim\u00e9e du site internet. L\u2019utilisateur est inform\u00e9 que lors de la suppression de ses donn\u00e9es, il n\u2019aura plus acc\u00e8s \u00e0 ses factures ni \u00e0 l\u2019historique de ses achats sur le site internet.<\/p>\n\n\n\n<p>A des fins d\u2019obligations comptables, les donn\u00e9es de facturation seront toutefois conserv\u00e9es 10 ans par <strong>Elodie Paramelle <\/strong>\u00e0 compter de la cl\u00f4ture du bilan comptable en cours.<\/p>\n\n\n\n<h2 id=\"droit-des-utilisateurs\" class=\"wp-block-heading\"><strong>Droit des utilisateurs<\/strong><\/h2>\n\n\n\n<p>Conform\u00e9ment aux droits conf\u00e9r\u00e9s par la r\u00e9glementation actuelle sur la protection des donn\u00e9es, vous pouvez exercer vos droits d\u2019acc\u00e8s, de rectification, de limitation de traitement, de suppression, de portabilit\u00e9 et d\u2019opposition au traitement de vos donn\u00e9es personnelles en adressant votre demande \u00e0 l\u2019adresse postale indiqu\u00e9e ci-dessus ou via le formulaire contact. Vous pouvez vous adresser \u00e0 l\u2019autorit\u00e9 de contr\u00f4le comp\u00e9tente (CNIL) pour pr\u00e9senter la r\u00e9clamation que vous jugez appropri\u00e9e.<\/p>\n\n\n\n<h2 id=\"transfert-des-donnees\" class=\"wp-block-heading\"><strong>Transfert des donn\u00e9es<\/strong><\/h2>\n\n\n\n<p><strong>Elodie Paramelle <\/strong>informe qu\u2019elle peut proc\u00e9der \u00e0 un transfert des donn\u00e9es lorsqu\u2019il le sera n\u00e9cessaire (par exemple aux sous-traitants \u2013 d\u00e9veloppeurs, photographes, graphistes\u2026).<\/p>\n\n\n\n<p>Ce transfert de donn\u00e9es s\u2019effectuera dans le respect des garanties, mesures et droits pr\u00e9vus par la l\u00e9gislation en vigueur sur la protection des donn\u00e9es personnelles et en accord avec cette politique de confidentialit\u00e9 et l\u2019accord de transfert des donn\u00e9es de <strong>Elodie Paramelle.<\/strong><\/p>\n\n\n\n<h2 id=\"changements-apportes-a-cette-politique-de-confidentialite\" class=\"wp-block-heading\"><strong>Changements apport\u00e9s \u00e0 cette Politique de Confidentialit\u00e9<\/strong><\/h2>\n\n\n\n<p>Cette politique de confidentialit\u00e9 a \u00e9t\u00e9 mise \u00e0 jour le <strong>05\/09\/2024<\/strong>. De temps en temps, <strong>Elodie Paramelle<\/strong> est susceptible d\u2019apporter des modifications \u00e0 sa politique de confidentialit\u00e9 et la mettre \u00e0 jour sur son site web. Nous nous r\u00e9servons le droit de mettre \u00e0 jour notre politique de confidentialit\u00e9 \u00e0 tout moment et nous vous recommandons de la consulter fr\u00e9quemment.<\/p>\n","protected":false},"excerpt":{"rendered":"<p>Conform\u00e9ment aux dispositions de la l\u00e9gislation en vigueur sur la protection des donn\u00e9es personnelles, nous vous&#8230;<\/p>","protected":false},"author":7,"featured_media":0,"parent":0,"menu_order":0,"comment_status":"closed","ping_status":"closed","template":"","meta":{"_monsterinsights_skip_tracking":false,"_monsterinsights_sitenote_active":false,"_monsterinsights_sitenote_note":"","_monsterinsights_sitenote_category":0,"footnotes":""},"categories":[],"tags":[],"class_list":["post-28059","page","type-page","status-publish","hentry"],"translation":{"provider":"WPGlobus","version":"3.0.2","language":"en","enabled_languages":["fr","en"],"languages":{"fr":{"title":true,"content":true,"excerpt":false},"en":{"title":false,"content":false,"excerpt":false}}},"yoast_head":"<!-- This site is optimized with the Yoast SEO plugin v26.7 - https:\/\/yoast.com\/wordpress\/plugins\/seo\/ -->\n<title>Politique de confidentialit\u00e9 - Les petites joies de la vie londonienne<\/title>\n<meta name=\"robots\" content=\"index, follow, max-snippet:-1, max-image-preview:large, max-video-preview:-1\" \/>\n<link rel=\"canonical\" href=\"http:\/\/www.lespetitesjoiesdelavielondonienne.com\/politique-de-confidentialite\/\" \/>\n<meta property=\"og:locale\" content=\"en_GB\" \/>\n<meta property=\"og:type\" content=\"article\" \/>\n<meta property=\"og:title\" content=\"Politique de confidentialit\u00e9 - Les petites joies de la vie londonienne\" \/>\n<meta property=\"og:url\" content=\"http:\/\/www.lespetitesjoiesdelavielondonienne.com\/politique-de-confidentialite\/\" \/>\n<meta property=\"og:site_name\" content=\"Les petites joies de la vie londonienne\" \/>\n<meta property=\"article:publisher\" content=\"http:\/\/facebook.com\/lespetitesjoiesdelavielondoni%e2%80%a6\" \/>\n<meta property=\"article:modified_time\" content=\"2024-09-05T13:44:06+00:00\" \/>\n<meta name=\"twitter:label1\" content=\"Est. reading time\" \/>\n\t<meta name=\"twitter:data1\" content=\"4 minutes\" \/>\n<script type=\"application\/ld+json\" class=\"yoast-schema-graph\">{\"@context\":\"https:\/\/schema.org\",\"@graph\":[{\"@type\":\"WebPage\",\"@id\":\"http:\/\/www.lespetitesjoiesdelavielondonienne.com\/politique-de-confidentialite\/\",\"url\":\"http:\/\/www.lespetitesjoiesdelavielondonienne.com\/politique-de-confidentialite\/\",\"name\":\"Politique de confidentialit\u00e9 - Les petites joies de la vie londonienne\",\"isPartOf\":{\"@id\":\"http:\/\/www.lespetitesjoiesdelavielondonienne.com\/#website\"},\"datePublished\":\"2024-09-05T13:44:00+00:00\",\"dateModified\":\"2024-09-05T13:44:06+00:00\",\"description\":\"Conform\u00e9ment aux dispositions de la l\u00e9gislation en vigueur sur la protection des donn\u00e9es personnelles, nous vous informons que vos donn\u00e9es seront\",\"breadcrumb\":{\"@id\":\"http:\/\/www.lespetitesjoiesdelavielondonienne.com\/politique-de-confidentialite\/#breadcrumb\"},\"inLanguage\":\"en-GB\",\"potentialAction\":[{\"@type\":\"ReadAction\",\"target\":[\"http:\/\/www.lespetitesjoiesdelavielondonienne.com\/politique-de-confidentialite\/\"]}]},{\"@type\":\"BreadcrumbList\",\"@id\":\"http:\/\/www.lespetitesjoiesdelavielondonienne.com\/politique-de-confidentialite\/#breadcrumb\",\"itemListElement\":[{\"@type\":\"ListItem\",\"position\":1,\"name\":\"Home\",\"item\":\"http:\/\/www.lespetitesjoiesdelavielondonienne.com\/\"},{\"@type\":\"ListItem\",\"position\":2,\"name\":\"Politique de confidentialit\u00e9\"}]},{\"@type\":\"WebSite\",\"@id\":\"http:\/\/www.lespetitesjoiesdelavielondonienne.com\/#website\",\"url\":\"http:\/\/www.lespetitesjoiesdelavielondonienne.com\/\",\"name\":\"Les petites joies de la vie londonienne\",\"description\":\"London lifestyle and French expat life\",\"publisher\":{\"@id\":\"http:\/\/www.lespetitesjoiesdelavielondonienne.com\/#organization\"},\"potentialAction\":[{\"@type\":\"SearchAction\",\"target\":{\"@type\":\"EntryPoint\",\"urlTemplate\":\"http:\/\/www.lespetitesjoiesdelavielondonienne.com\/?s={search_term_string}\"},\"query-input\":{\"@type\":\"PropertyValueSpecification\",\"valueRequired\":true,\"valueName\":\"search_term_string\"}}],\"inLanguage\":\"en-GB\"},{\"@type\":\"Organization\",\"@id\":\"http:\/\/www.lespetitesjoiesdelavielondonienne.com\/#organization\",\"name\":\"Les petites joies de la vie londonienne\",\"url\":\"http:\/\/www.lespetitesjoiesdelavielondonienne.com\/\",\"logo\":{\"@type\":\"ImageObject\",\"inLanguage\":\"en-GB\",\"@id\":\"http:\/\/www.lespetitesjoiesdelavielondonienne.com\/#\/schema\/logo\/image\/\",\"url\":\"http:\/\/www.lespetitesjoiesdelavielondonienne.com\/wp-content\/uploads\/2017\/07\/header-logo.png\",\"contentUrl\":\"http:\/\/www.lespetitesjoiesdelavielondonienne.com\/wp-content\/uploads\/2017\/07\/header-logo.png\",\"width\":405,\"height\":282,\"caption\":\"Les petites joies de la vie londonienne\"},\"image\":{\"@id\":\"http:\/\/www.lespetitesjoiesdelavielondonienne.com\/#\/schema\/logo\/image\/\"},\"sameAs\":[\"http:\/\/facebook.com\/lespetitesjoiesdelavielondoni\u2026\",\"https:\/\/x.com\/elodie_ldn\",\"http:\/\/instagram.com\/elodie_london\/\"]}]}<\/script>\n<!-- \/ Yoast SEO plugin. -->","yoast_head_json":{"title":"Politique de confidentialit\u00e9 - Les petites joies de la vie londonienne","robots":{"index":"index","follow":"follow","max-snippet":"max-snippet:-1","max-image-preview":"max-image-preview:large","max-video-preview":"max-video-preview:-1"},"canonical":"http:\/\/www.lespetitesjoiesdelavielondonienne.com\/politique-de-confidentialite\/","og_locale":"en_GB","og_type":"article","og_title":"Politique de confidentialit\u00e9 - Les petites joies de la vie londonienne","og_url":"http:\/\/www.lespetitesjoiesdelavielondonienne.com\/politique-de-confidentialite\/","og_site_name":"Les petites joies de la vie londonienne","article_publisher":"http:\/\/facebook.com\/lespetitesjoiesdelavielondoni%e2%80%a6","article_modified_time":"2024-09-05T13:44:06+00:00","twitter_misc":{"Est. reading time":"4 minutes"},"schema":{"@context":"https:\/\/schema.org","@graph":[{"@type":"WebPage","@id":"http:\/\/www.lespetitesjoiesdelavielondonienne.com\/politique-de-confidentialite\/","url":"http:\/\/www.lespetitesjoiesdelavielondonienne.com\/politique-de-confidentialite\/","name":"Politique de confidentialit\u00e9 - Les petites joies de la vie londonienne","isPartOf":{"@id":"http:\/\/www.lespetitesjoiesdelavielondonienne.com\/#website"},"datePublished":"2024-09-05T13:44:00+00:00","dateModified":"2024-09-05T13:44:06+00:00","description":"Conform\u00e9ment aux dispositions de la l\u00e9gislation en vigueur sur la protection des donn\u00e9es personnelles, nous vous informons que vos donn\u00e9es seront","breadcrumb":{"@id":"http:\/\/www.lespetitesjoiesdelavielondonienne.com\/politique-de-confidentialite\/#breadcrumb"},"inLanguage":"en-GB","potentialAction":[{"@type":"ReadAction","target":["http:\/\/www.lespetitesjoiesdelavielondonienne.com\/politique-de-confidentialite\/"]}]},{"@type":"BreadcrumbList","@id":"http:\/\/www.lespetitesjoiesdelavielondonienne.com\/politique-de-confidentialite\/#breadcrumb","itemListElement":[{"@type":"ListItem","position":1,"name":"Home","item":"http:\/\/www.lespetitesjoiesdelavielondonienne.com\/"},{"@type":"ListItem","position":2,"name":"Politique de confidentialit\u00e9"}]},{"@type":"WebSite","@id":"http:\/\/www.lespetitesjoiesdelavielondonienne.com\/#website","url":"http:\/\/www.lespetitesjoiesdelavielondonienne.com\/","name":"Les petites joies de la vie londonienne","description":"London lifestyle and French expat life","publisher":{"@id":"http:\/\/www.lespetitesjoiesdelavielondonienne.com\/#organization"},"potentialAction":[{"@type":"SearchAction","target":{"@type":"EntryPoint","urlTemplate":"http:\/\/www.lespetitesjoiesdelavielondonienne.com\/?s={search_term_string}"},"query-input":{"@type":"PropertyValueSpecification","valueRequired":true,"valueName":"search_term_string"}}],"inLanguage":"en-GB"},{"@type":"Organization","@id":"http:\/\/www.lespetitesjoiesdelavielondonienne.com\/#organization","name":"Les petites joies de la vie londonienne","url":"http:\/\/www.lespetitesjoiesdelavielondonienne.com\/","logo":{"@type":"ImageObject","inLanguage":"en-GB","@id":"http:\/\/www.lespetitesjoiesdelavielondonienne.com\/#\/schema\/logo\/image\/","url":"http:\/\/www.lespetitesjoiesdelavielondonienne.com\/wp-content\/uploads\/2017\/07\/header-logo.png","contentUrl":"http:\/\/www.lespetitesjoiesdelavielondonienne.com\/wp-content\/uploads\/2017\/07\/header-logo.png","width":405,"height":282,"caption":"Les petites joies de la vie londonienne"},"image":{"@id":"http:\/\/www.lespetitesjoiesdelavielondonienne.com\/#\/schema\/logo\/image\/"},"sameAs":["http:\/\/facebook.com\/lespetitesjoiesdelavielondoni\u2026","https:\/\/x.com\/elodie_ldn","http:\/\/instagram.com\/elodie_london\/"]}]}},"_links":{"self":[{"href":"https:\/\/www.lespetitesjoiesdelavielondonienne.com\/en\/wp-json\/wp\/v2\/pages\/28059","targetHints":{"allow":["GET"]}}],"collection":[{"href":"https:\/\/www.lespetitesjoiesdelavielondonienne.com\/en\/wp-json\/wp\/v2\/pages"}],"about":[{"href":"https:\/\/www.lespetitesjoiesdelavielondonienne.com\/en\/wp-json\/wp\/v2\/types\/page"}],"author":[{"embeddable":true,"href":"https:\/\/www.lespetitesjoiesdelavielondonienne.com\/en\/wp-json\/wp\/v2\/users\/7"}],"replies":[{"embeddable":true,"href":"https:\/\/www.lespetitesjoiesdelavielondonienne.com\/en\/wp-json\/wp\/v2\/comments?post=28059"}],"version-history":[{"count":1,"href":"https:\/\/www.lespetitesjoiesdelavielondonienne.com\/en\/wp-json\/wp\/v2\/pages\/28059\/revisions"}],"predecessor-version":[{"id":28060,"href":"https:\/\/www.lespetitesjoiesdelavielondonienne.com\/en\/wp-json\/wp\/v2\/pages\/28059\/revisions\/28060"}],"wp:attachment":[{"href":"https:\/\/www.lespetitesjoiesdelavielondonienne.com\/en\/wp-json\/wp\/v2\/media?parent=28059"}],"wp:term":[{"taxonomy":"category","embeddable":true,"href":"https:\/\/www.lespetitesjoiesdelavielondonienne.com\/en\/wp-json\/wp\/v2\/categories?post=28059"},{"taxonomy":"post_tag","embeddable":true,"href":"https:\/\/www.lespetitesjoiesdelavielondonienne.com\/en\/wp-json\/wp\/v2\/tags?post=28059"}],"curies":[{"name":"wp","href":"https:\/\/api.w.org\/{rel}","templated":true}]}}