{"id":28057,"date":"2024-09-05T12:42:48","date_gmt":"2024-09-05T13:42:48","guid":{"rendered":"https:\/\/www.lespetitesjoiesdelavielondonienne.com\/?page_id=28057"},"modified":"2025-02-11T19:27:11","modified_gmt":"2025-02-11T20:27:11","slug":"mentions-legales","status":"publish","type":"page","link":"https:\/\/www.lespetitesjoiesdelavielondonienne.com\/en\/mentions-legales\/","title":{"rendered":"Mentions L\u00e9gales"},"content":{"rendered":"\n<h2 id=\"editeur\" class=\"wp-block-heading\"><strong>\u00c9diteur :<\/strong><\/h2>\n\n\n\n<p>Ce site est \u00e9dit\u00e9 par ELODIE PARAMELLE<\/p>\n\n\n\n<p><strong>31000 TOULOUSE<\/strong><\/p>\n\n\n\n<p>Directeur de la publication : <strong>ELODIE PARAMELLE<\/strong><\/p>\n\n\n\n<h2 id=\"hebergeur\" class=\"wp-block-heading\"><strong>H\u00e9bergeur :<\/strong><\/h2>\n\n\n\n<p>Ce site est h\u00e9berg\u00e9 par OVH<\/p>\n\n\n\n<p><strong>Raison sociale<\/strong> : OVH SAS<br><strong>Si\u00e8ge social<\/strong> : 2 rue Kellermann, 59100 Roubaix, France<br><strong>Capital social<\/strong> : 10 069 020 \u20ac<br><strong>SIRET<\/strong> : 424 761 419 00045<br><strong>Code APE<\/strong> : 2620Z<br><strong>Num\u00e9ro de TVA intracommunautaire<\/strong> : FR 22 424 761 419<br><strong>T\u00e9l\u00e9phone<\/strong> : +33 9 72 10 10 07<br><strong>Email<\/strong> : support@ovh.com<br><strong>Site internet<\/strong> : <a href=\"https:\/\/www.ovh.com\/\">www.ovh.com<\/a>&nbsp;<\/p>\n\n\n\n<h2 id=\"donnees-personnelles\" class=\"wp-block-heading\"><strong>Donn\u00e9es Personnelles<\/strong><\/h2>\n\n\n\n<p>Voir la Politique de Confidentialit\u00e9<\/p>\n\n\n\n<h3 id=\"responsabilite\" class=\"wp-block-heading\"><strong>Responsabilit\u00e9 :<\/strong><\/h3>\n\n\n\n<p>Le site contient des liens hypertextes renvoyant \u00e0 d\u2019autres sites Internet. L\u2019\u00e9diteur ne peut \u00eatre tenu pour responsable de la mise \u00e0 disposition de ces sites et sources externes, et ne peut endosser la responsabilit\u00e9 quant aux contenus cr\u00e9\u00e9s ou publi\u00e9s sur des sites tiers.<\/p>\n\n\n\n<h3 id=\"propriete-intellectuelle\" class=\"wp-block-heading\"><strong>Propri\u00e9t\u00e9 intellectuelle :<\/strong><\/h3>\n\n\n\n<p>L\u2019ensemble du contenu et des \u00e9l\u00e9ments disponibles sur ce site \u2013 en particulier, mais de fa\u00e7on non limitative, les textes, les bases de donn\u00e9es, les photos, les films, les sons, la musique et les logos \u2013 sont prot\u00e9g\u00e9s par des copyrights, droits de protection de base de donn\u00e9es, marques d\u00e9pos\u00e9es, marques de service, brevets, secrets industriels ou autres droits et lois sur la propri\u00e9t\u00e9.<\/p>\n\n\n\n<p>Les noms de produits et de services ne peuvent pas \u00eatre utilis\u00e9s \u00e0 des fins commerciales sans consentement \u00e9crit pr\u00e9alable. Toutes les autres marques de produits et de services de ce site sont des marques d\u00e9pos\u00e9es de leurs propri\u00e9taires respectifs.<\/p>\n","protected":false},"excerpt":{"rendered":"<p>\u00c9diteur : Ce site est \u00e9dit\u00e9 par ELODIE PARAMELLE 31000 TOULOUSE Directeur de la publication :&#8230;<\/p>","protected":false},"author":7,"featured_media":0,"parent":0,"menu_order":0,"comment_status":"closed","ping_status":"closed","template":"","meta":{"_monsterinsights_skip_tracking":false,"_monsterinsights_sitenote_active":false,"_monsterinsights_sitenote_note":"","_monsterinsights_sitenote_category":0,"footnotes":""},"categories":[],"tags":[],"class_list":["post-28057","page","type-page","status-publish","hentry"],"translation":{"provider":"WPGlobus","version":"3.0.2","language":"en","enabled_languages":["fr","en"],"languages":{"fr":{"title":true,"content":true,"excerpt":false},"en":{"title":false,"content":false,"excerpt":false}}},"yoast_head":"<!-- This site is optimized with the Yoast SEO plugin v26.7 - https:\/\/yoast.com\/wordpress\/plugins\/seo\/ -->\n<title>Mentions L\u00e9gales - Les petites joies de la vie londonienne<\/title>\n<meta name=\"robots\" content=\"index, follow, max-snippet:-1, max-image-preview:large, max-video-preview:-1\" \/>\n<link rel=\"canonical\" href=\"https:\/\/www.lespetitesjoiesdelavielondonienne.com\/en\/mentions-legales\/\" \/>\n<meta property=\"og:locale\" content=\"en_GB\" \/>\n<meta property=\"og:type\" content=\"article\" \/>\n<meta property=\"og:title\" content=\"Mentions L\u00e9gales - Les petites joies de la vie londonienne\" \/>\n<meta property=\"og:url\" content=\"https:\/\/www.lespetitesjoiesdelavielondonienne.com\/en\/mentions-legales\/\" \/>\n<meta property=\"og:site_name\" content=\"Les petites joies de la vie londonienne\" \/>\n<meta property=\"article:publisher\" content=\"http:\/\/facebook.com\/lespetitesjoiesdelavielondoni%e2%80%a6\" \/>\n<meta property=\"article:modified_time\" content=\"2025-02-11T20:27:11+00:00\" \/>\n<meta name=\"twitter:label1\" content=\"Est. reading time\" \/>\n\t<meta name=\"twitter:data1\" content=\"1 minute\" \/>\n<script type=\"application\/ld+json\" class=\"yoast-schema-graph\">{\"@context\":\"https:\/\/schema.org\",\"@graph\":[{\"@type\":\"WebPage\",\"@id\":\"https:\/\/www.lespetitesjoiesdelavielondonienne.com\/en\/mentions-legales\/\",\"url\":\"https:\/\/www.lespetitesjoiesdelavielondonienne.com\/en\/mentions-legales\/\",\"name\":\"Mentions L\u00e9gales - Les petites joies de la vie londonienne\",\"isPartOf\":{\"@id\":\"https:\/\/www.lespetitesjoiesdelavielondonienne.com\/#website\"},\"datePublished\":\"2024-09-05T13:42:48+00:00\",\"dateModified\":\"2025-02-11T20:27:11+00:00\",\"description\":\"\u00c9diteur : Ce site est \u00e9dit\u00e9 par ELODIE PARAMELLE 31000 TOULOUSE Directeur de la publication : ELODIE PARAMELLE H\u00e9bergeur : Ce site est h\u00e9berg\u00e9 par OVH\",\"breadcrumb\":{\"@id\":\"https:\/\/www.lespetitesjoiesdelavielondonienne.com\/en\/mentions-legales\/#breadcrumb\"},\"inLanguage\":\"en-GB\",\"potentialAction\":[{\"@type\":\"ReadAction\",\"target\":[\"https:\/\/www.lespetitesjoiesdelavielondonienne.com\/en\/mentions-legales\/\"]}]},{\"@type\":\"BreadcrumbList\",\"@id\":\"https:\/\/www.lespetitesjoiesdelavielondonienne.com\/en\/mentions-legales\/#breadcrumb\",\"itemListElement\":[{\"@type\":\"ListItem\",\"position\":1,\"name\":\"Home\",\"item\":\"https:\/\/www.lespetitesjoiesdelavielondonienne.com\/\"},{\"@type\":\"ListItem\",\"position\":2,\"name\":\"Mentions L\u00e9gales\"}]},{\"@type\":\"WebSite\",\"@id\":\"https:\/\/www.lespetitesjoiesdelavielondonienne.com\/#website\",\"url\":\"https:\/\/www.lespetitesjoiesdelavielondonienne.com\/\",\"name\":\"Les petites joies de la vie londonienne\",\"description\":\"London lifestyle and French expat life\",\"publisher\":{\"@id\":\"https:\/\/www.lespetitesjoiesdelavielondonienne.com\/#organization\"},\"potentialAction\":[{\"@type\":\"SearchAction\",\"target\":{\"@type\":\"EntryPoint\",\"urlTemplate\":\"https:\/\/www.lespetitesjoiesdelavielondonienne.com\/?s={search_term_string}\"},\"query-input\":{\"@type\":\"PropertyValueSpecification\",\"valueRequired\":true,\"valueName\":\"search_term_string\"}}],\"inLanguage\":\"en-GB\"},{\"@type\":\"Organization\",\"@id\":\"https:\/\/www.lespetitesjoiesdelavielondonienne.com\/#organization\",\"name\":\"Les petites joies de la vie londonienne\",\"url\":\"https:\/\/www.lespetitesjoiesdelavielondonienne.com\/\",\"logo\":{\"@type\":\"ImageObject\",\"inLanguage\":\"en-GB\",\"@id\":\"https:\/\/www.lespetitesjoiesdelavielondonienne.com\/#\/schema\/logo\/image\/\",\"url\":\"http:\/\/www.lespetitesjoiesdelavielondonienne.com\/wp-content\/uploads\/2017\/07\/header-logo.png\",\"contentUrl\":\"http:\/\/www.lespetitesjoiesdelavielondonienne.com\/wp-content\/uploads\/2017\/07\/header-logo.png\",\"width\":405,\"height\":282,\"caption\":\"Les petites joies de la vie londonienne\"},\"image\":{\"@id\":\"https:\/\/www.lespetitesjoiesdelavielondonienne.com\/#\/schema\/logo\/image\/\"},\"sameAs\":[\"http:\/\/facebook.com\/lespetitesjoiesdelavielondoni\u2026\",\"https:\/\/x.com\/elodie_ldn\",\"http:\/\/instagram.com\/elodie_london\/\"]}]}<\/script>\n<!-- \/ Yoast SEO plugin. -->","yoast_head_json":{"title":"Mentions L\u00e9gales - Les petites joies de la vie londonienne","robots":{"index":"index","follow":"follow","max-snippet":"max-snippet:-1","max-image-preview":"max-image-preview:large","max-video-preview":"max-video-preview:-1"},"canonical":"https:\/\/www.lespetitesjoiesdelavielondonienne.com\/en\/mentions-legales\/","og_locale":"en_GB","og_type":"article","og_title":"Mentions L\u00e9gales - Les petites joies de la vie londonienne","og_url":"https:\/\/www.lespetitesjoiesdelavielondonienne.com\/en\/mentions-legales\/","og_site_name":"Les petites joies de la vie londonienne","article_publisher":"http:\/\/facebook.com\/lespetitesjoiesdelavielondoni%e2%80%a6","article_modified_time":"2025-02-11T20:27:11+00:00","twitter_misc":{"Est. reading time":"1 minute"},"schema":{"@context":"https:\/\/schema.org","@graph":[{"@type":"WebPage","@id":"https:\/\/www.lespetitesjoiesdelavielondonienne.com\/en\/mentions-legales\/","url":"https:\/\/www.lespetitesjoiesdelavielondonienne.com\/en\/mentions-legales\/","name":"Mentions L\u00e9gales - Les petites joies de la vie londonienne","isPartOf":{"@id":"https:\/\/www.lespetitesjoiesdelavielondonienne.com\/#website"},"datePublished":"2024-09-05T13:42:48+00:00","dateModified":"2025-02-11T20:27:11+00:00","description":"\u00c9diteur : Ce site est \u00e9dit\u00e9 par ELODIE PARAMELLE 31000 TOULOUSE Directeur de la publication : ELODIE PARAMELLE H\u00e9bergeur : Ce site est h\u00e9berg\u00e9 par OVH","breadcrumb":{"@id":"https:\/\/www.lespetitesjoiesdelavielondonienne.com\/en\/mentions-legales\/#breadcrumb"},"inLanguage":"en-GB","potentialAction":[{"@type":"ReadAction","target":["https:\/\/www.lespetitesjoiesdelavielondonienne.com\/en\/mentions-legales\/"]}]},{"@type":"BreadcrumbList","@id":"https:\/\/www.lespetitesjoiesdelavielondonienne.com\/en\/mentions-legales\/#breadcrumb","itemListElement":[{"@type":"ListItem","position":1,"name":"Home","item":"https:\/\/www.lespetitesjoiesdelavielondonienne.com\/"},{"@type":"ListItem","position":2,"name":"Mentions L\u00e9gales"}]},{"@type":"WebSite","@id":"https:\/\/www.lespetitesjoiesdelavielondonienne.com\/#website","url":"https:\/\/www.lespetitesjoiesdelavielondonienne.com\/","name":"Les petites joies de la vie londonienne","description":"London lifestyle and French expat life","publisher":{"@id":"https:\/\/www.lespetitesjoiesdelavielondonienne.com\/#organization"},"potentialAction":[{"@type":"SearchAction","target":{"@type":"EntryPoint","urlTemplate":"https:\/\/www.lespetitesjoiesdelavielondonienne.com\/?s={search_term_string}"},"query-input":{"@type":"PropertyValueSpecification","valueRequired":true,"valueName":"search_term_string"}}],"inLanguage":"en-GB"},{"@type":"Organization","@id":"https:\/\/www.lespetitesjoiesdelavielondonienne.com\/#organization","name":"Les petites joies de la vie londonienne","url":"https:\/\/www.lespetitesjoiesdelavielondonienne.com\/","logo":{"@type":"ImageObject","inLanguage":"en-GB","@id":"https:\/\/www.lespetitesjoiesdelavielondonienne.com\/#\/schema\/logo\/image\/","url":"http:\/\/www.lespetitesjoiesdelavielondonienne.com\/wp-content\/uploads\/2017\/07\/header-logo.png","contentUrl":"http:\/\/www.lespetitesjoiesdelavielondonienne.com\/wp-content\/uploads\/2017\/07\/header-logo.png","width":405,"height":282,"caption":"Les petites joies de la vie londonienne"},"image":{"@id":"https:\/\/www.lespetitesjoiesdelavielondonienne.com\/#\/schema\/logo\/image\/"},"sameAs":["http:\/\/facebook.com\/lespetitesjoiesdelavielondoni\u2026","https:\/\/x.com\/elodie_ldn","http:\/\/instagram.com\/elodie_london\/"]}]}},"_links":{"self":[{"href":"https:\/\/www.lespetitesjoiesdelavielondonienne.com\/en\/wp-json\/wp\/v2\/pages\/28057","targetHints":{"allow":["GET"]}}],"collection":[{"href":"https:\/\/www.lespetitesjoiesdelavielondonienne.com\/en\/wp-json\/wp\/v2\/pages"}],"about":[{"href":"https:\/\/www.lespetitesjoiesdelavielondonienne.com\/en\/wp-json\/wp\/v2\/types\/page"}],"author":[{"embeddable":true,"href":"https:\/\/www.lespetitesjoiesdelavielondonienne.com\/en\/wp-json\/wp\/v2\/users\/7"}],"replies":[{"embeddable":true,"href":"https:\/\/www.lespetitesjoiesdelavielondonienne.com\/en\/wp-json\/wp\/v2\/comments?post=28057"}],"version-history":[{"count":2,"href":"https:\/\/www.lespetitesjoiesdelavielondonienne.com\/en\/wp-json\/wp\/v2\/pages\/28057\/revisions"}],"predecessor-version":[{"id":28376,"href":"https:\/\/www.lespetitesjoiesdelavielondonienne.com\/en\/wp-json\/wp\/v2\/pages\/28057\/revisions\/28376"}],"wp:attachment":[{"href":"https:\/\/www.lespetitesjoiesdelavielondonienne.com\/en\/wp-json\/wp\/v2\/media?parent=28057"}],"wp:term":[{"taxonomy":"category","embeddable":true,"href":"https:\/\/www.lespetitesjoiesdelavielondonienne.com\/en\/wp-json\/wp\/v2\/categories?post=28057"},{"taxonomy":"post_tag","embeddable":true,"href":"https:\/\/www.lespetitesjoiesdelavielondonienne.com\/en\/wp-json\/wp\/v2\/tags?post=28057"}],"curies":[{"name":"wp","href":"https:\/\/api.w.org\/{rel}","templated":true}]}}