{"id":239,"date":"2016-05-10T15:24:20","date_gmt":"2016-05-10T15:24:20","guid":{"rendered":"http:\/\/wp.magnium-themes.com\/camille\/camille-1\/?page_id=239"},"modified":"2017-06-28T07:38:20","modified_gmt":"2017-06-28T08:38:20","slug":"contact-us-conseil-digital","status":"publish","type":"page","link":"https:\/\/www.lespetitesjoiesdelavielondonienne.com\/en\/contact-us-conseil-digital\/","title":{"rendered":"Contact us &#8211; Conseil Digital"},"content":{"rendered":"[vc_row][vc_column width=&#8221;1\/2&#8243;][vc_single_image][\/vc_column][vc_column width=&#8221;1\/2&#8243;][vc_column_text]\n<p>Vous r\u00eavez de lancer votre blog mais ne savez pas par o\u00f9 commencer?<\/p>\n<p>Vous avez enfin lanc\u00e9 votre projet mais avez besoin d&#8217;augmenter votre pr\u00e9sence en ligne?<\/p>\n<p>Votre start up grossit et vous avez besoin d&#8217;une strat\u00e9gie marketing digital solide?<\/p>\n<h2 id=\"contactez-moi\">Contactez moi!<\/h2>\n<p>lespetitesjoiesdelondres@gmail.com<\/p>\n[\/vc_column_text][\/vc_column][\/vc_row]\n","protected":false},"excerpt":{"rendered":"<p>[vc_row][vc_column width=&#8221;1\/2&#8243;][vc_single_image][\/vc_column][vc_column width=&#8221;1\/2&#8243;][vc_column_text] Vous r\u00eavez de lancer votre blog mais ne savez pas par o\u00f9 commencer?&#8230;<\/p>","protected":false},"author":1,"featured_media":0,"parent":0,"menu_order":0,"comment_status":"closed","ping_status":"closed","template":"","meta":{"_monsterinsights_skip_tracking":false,"_monsterinsights_sitenote_active":false,"_monsterinsights_sitenote_note":"","_monsterinsights_sitenote_category":0,"footnotes":""},"categories":[],"tags":[],"class_list":["post-239","page","type-page","status-publish","hentry"],"translation":{"provider":"WPGlobus","version":"3.0.2","language":"en","enabled_languages":["fr","en"],"languages":{"fr":{"title":true,"content":true,"excerpt":false},"en":{"title":false,"content":false,"excerpt":false}}},"yoast_head":"<!-- This site is optimized with the Yoast SEO plugin v26.7 - https:\/\/yoast.com\/wordpress\/plugins\/seo\/ -->\n<title>Contact us - Conseil Digital - Les petites joies de la vie londonienne<\/title>\n<meta name=\"robots\" content=\"index, follow, max-snippet:-1, max-image-preview:large, max-video-preview:-1\" \/>\n<link rel=\"canonical\" href=\"http:\/\/www.lespetitesjoiesdelavielondonienne.com\/en\/contact-us-conseil-digital\/\" \/>\n<meta property=\"og:locale\" content=\"en_GB\" \/>\n<meta property=\"og:type\" content=\"article\" \/>\n<meta property=\"og:title\" content=\"Contact us - Conseil Digital - Les petites joies de la vie londonienne\" \/>\n<meta property=\"og:url\" content=\"http:\/\/www.lespetitesjoiesdelavielondonienne.com\/en\/contact-us-conseil-digital\/\" \/>\n<meta property=\"og:site_name\" content=\"Les petites joies de la vie londonienne\" \/>\n<meta property=\"article:publisher\" content=\"http:\/\/facebook.com\/lespetitesjoiesdelavielondoni%e2%80%a6\" \/>\n<meta property=\"article:modified_time\" content=\"2017-06-28T08:38:20+00:00\" \/>\n<script type=\"application\/ld+json\" class=\"yoast-schema-graph\">{\"@context\":\"https:\/\/schema.org\",\"@graph\":[{\"@type\":\"WebPage\",\"@id\":\"http:\/\/www.lespetitesjoiesdelavielondonienne.com\/en\/contact-us-conseil-digital\/\",\"url\":\"http:\/\/www.lespetitesjoiesdelavielondonienne.com\/en\/contact-us-conseil-digital\/\",\"name\":\"Contact us - Conseil Digital - Les petites joies de la vie londonienne\",\"isPartOf\":{\"@id\":\"http:\/\/www.lespetitesjoiesdelavielondonienne.com\/#website\"},\"datePublished\":\"2016-05-10T15:24:20+00:00\",\"dateModified\":\"2017-06-28T08:38:20+00:00\",\"description\":\"Vous r\u00eavez de lancer votre blog mais ne savez pas par o\u00f9 commencer? Vous avez enfin lanc\u00e9 votre projet mais avez besoin d'augmenter votre pr\u00e9sence en\",\"breadcrumb\":{\"@id\":\"http:\/\/www.lespetitesjoiesdelavielondonienne.com\/en\/contact-us-conseil-digital\/#breadcrumb\"},\"inLanguage\":\"en-GB\",\"potentialAction\":[{\"@type\":\"ReadAction\",\"target\":[\"http:\/\/www.lespetitesjoiesdelavielondonienne.com\/en\/contact-us-conseil-digital\/\"]}]},{\"@type\":\"BreadcrumbList\",\"@id\":\"http:\/\/www.lespetitesjoiesdelavielondonienne.com\/en\/contact-us-conseil-digital\/#breadcrumb\",\"itemListElement\":[{\"@type\":\"ListItem\",\"position\":1,\"name\":\"Home\",\"item\":\"http:\/\/www.lespetitesjoiesdelavielondonienne.com\/\"},{\"@type\":\"ListItem\",\"position\":2,\"name\":\"Contact us &#8211; Conseil Digital\"}]},{\"@type\":\"WebSite\",\"@id\":\"http:\/\/www.lespetitesjoiesdelavielondonienne.com\/#website\",\"url\":\"http:\/\/www.lespetitesjoiesdelavielondonienne.com\/\",\"name\":\"Les petites joies de la vie londonienne\",\"description\":\"London lifestyle and French expat life\",\"publisher\":{\"@id\":\"http:\/\/www.lespetitesjoiesdelavielondonienne.com\/#organization\"},\"potentialAction\":[{\"@type\":\"SearchAction\",\"target\":{\"@type\":\"EntryPoint\",\"urlTemplate\":\"http:\/\/www.lespetitesjoiesdelavielondonienne.com\/?s={search_term_string}\"},\"query-input\":{\"@type\":\"PropertyValueSpecification\",\"valueRequired\":true,\"valueName\":\"search_term_string\"}}],\"inLanguage\":\"en-GB\"},{\"@type\":\"Organization\",\"@id\":\"http:\/\/www.lespetitesjoiesdelavielondonienne.com\/#organization\",\"name\":\"Les petites joies de la vie londonienne\",\"url\":\"http:\/\/www.lespetitesjoiesdelavielondonienne.com\/\",\"logo\":{\"@type\":\"ImageObject\",\"inLanguage\":\"en-GB\",\"@id\":\"http:\/\/www.lespetitesjoiesdelavielondonienne.com\/#\/schema\/logo\/image\/\",\"url\":\"http:\/\/www.lespetitesjoiesdelavielondonienne.com\/wp-content\/uploads\/2017\/07\/header-logo.png\",\"contentUrl\":\"http:\/\/www.lespetitesjoiesdelavielondonienne.com\/wp-content\/uploads\/2017\/07\/header-logo.png\",\"width\":405,\"height\":282,\"caption\":\"Les petites joies de la vie londonienne\"},\"image\":{\"@id\":\"http:\/\/www.lespetitesjoiesdelavielondonienne.com\/#\/schema\/logo\/image\/\"},\"sameAs\":[\"http:\/\/facebook.com\/lespetitesjoiesdelavielondoni\u2026\",\"https:\/\/x.com\/elodie_ldn\",\"http:\/\/instagram.com\/elodie_london\/\"]}]}<\/script>\n<!-- \/ Yoast SEO plugin. -->","yoast_head_json":{"title":"Contact us - Conseil Digital - Les petites joies de la vie londonienne","robots":{"index":"index","follow":"follow","max-snippet":"max-snippet:-1","max-image-preview":"max-image-preview:large","max-video-preview":"max-video-preview:-1"},"canonical":"http:\/\/www.lespetitesjoiesdelavielondonienne.com\/en\/contact-us-conseil-digital\/","og_locale":"en_GB","og_type":"article","og_title":"Contact us - Conseil Digital - Les petites joies de la vie londonienne","og_url":"http:\/\/www.lespetitesjoiesdelavielondonienne.com\/en\/contact-us-conseil-digital\/","og_site_name":"Les petites joies de la vie londonienne","article_publisher":"http:\/\/facebook.com\/lespetitesjoiesdelavielondoni%e2%80%a6","article_modified_time":"2017-06-28T08:38:20+00:00","schema":{"@context":"https:\/\/schema.org","@graph":[{"@type":"WebPage","@id":"http:\/\/www.lespetitesjoiesdelavielondonienne.com\/en\/contact-us-conseil-digital\/","url":"http:\/\/www.lespetitesjoiesdelavielondonienne.com\/en\/contact-us-conseil-digital\/","name":"Contact us - Conseil Digital - Les petites joies de la vie londonienne","isPartOf":{"@id":"http:\/\/www.lespetitesjoiesdelavielondonienne.com\/#website"},"datePublished":"2016-05-10T15:24:20+00:00","dateModified":"2017-06-28T08:38:20+00:00","description":"Vous r\u00eavez de lancer votre blog mais ne savez pas par o\u00f9 commencer? Vous avez enfin lanc\u00e9 votre projet mais avez besoin d'augmenter votre pr\u00e9sence en","breadcrumb":{"@id":"http:\/\/www.lespetitesjoiesdelavielondonienne.com\/en\/contact-us-conseil-digital\/#breadcrumb"},"inLanguage":"en-GB","potentialAction":[{"@type":"ReadAction","target":["http:\/\/www.lespetitesjoiesdelavielondonienne.com\/en\/contact-us-conseil-digital\/"]}]},{"@type":"BreadcrumbList","@id":"http:\/\/www.lespetitesjoiesdelavielondonienne.com\/en\/contact-us-conseil-digital\/#breadcrumb","itemListElement":[{"@type":"ListItem","position":1,"name":"Home","item":"http:\/\/www.lespetitesjoiesdelavielondonienne.com\/"},{"@type":"ListItem","position":2,"name":"Contact us &#8211; Conseil Digital"}]},{"@type":"WebSite","@id":"http:\/\/www.lespetitesjoiesdelavielondonienne.com\/#website","url":"http:\/\/www.lespetitesjoiesdelavielondonienne.com\/","name":"Les petites joies de la vie londonienne","description":"London lifestyle and French expat life","publisher":{"@id":"http:\/\/www.lespetitesjoiesdelavielondonienne.com\/#organization"},"potentialAction":[{"@type":"SearchAction","target":{"@type":"EntryPoint","urlTemplate":"http:\/\/www.lespetitesjoiesdelavielondonienne.com\/?s={search_term_string}"},"query-input":{"@type":"PropertyValueSpecification","valueRequired":true,"valueName":"search_term_string"}}],"inLanguage":"en-GB"},{"@type":"Organization","@id":"http:\/\/www.lespetitesjoiesdelavielondonienne.com\/#organization","name":"Les petites joies de la vie londonienne","url":"http:\/\/www.lespetitesjoiesdelavielondonienne.com\/","logo":{"@type":"ImageObject","inLanguage":"en-GB","@id":"http:\/\/www.lespetitesjoiesdelavielondonienne.com\/#\/schema\/logo\/image\/","url":"http:\/\/www.lespetitesjoiesdelavielondonienne.com\/wp-content\/uploads\/2017\/07\/header-logo.png","contentUrl":"http:\/\/www.lespetitesjoiesdelavielondonienne.com\/wp-content\/uploads\/2017\/07\/header-logo.png","width":405,"height":282,"caption":"Les petites joies de la vie londonienne"},"image":{"@id":"http:\/\/www.lespetitesjoiesdelavielondonienne.com\/#\/schema\/logo\/image\/"},"sameAs":["http:\/\/facebook.com\/lespetitesjoiesdelavielondoni\u2026","https:\/\/x.com\/elodie_ldn","http:\/\/instagram.com\/elodie_london\/"]}]}},"_links":{"self":[{"href":"https:\/\/www.lespetitesjoiesdelavielondonienne.com\/en\/wp-json\/wp\/v2\/pages\/239","targetHints":{"allow":["GET"]}}],"collection":[{"href":"https:\/\/www.lespetitesjoiesdelavielondonienne.com\/en\/wp-json\/wp\/v2\/pages"}],"about":[{"href":"https:\/\/www.lespetitesjoiesdelavielondonienne.com\/en\/wp-json\/wp\/v2\/types\/page"}],"author":[{"embeddable":true,"href":"https:\/\/www.lespetitesjoiesdelavielondonienne.com\/en\/wp-json\/wp\/v2\/users\/1"}],"replies":[{"embeddable":true,"href":"https:\/\/www.lespetitesjoiesdelavielondonienne.com\/en\/wp-json\/wp\/v2\/comments?post=239"}],"version-history":[{"count":0,"href":"https:\/\/www.lespetitesjoiesdelavielondonienne.com\/en\/wp-json\/wp\/v2\/pages\/239\/revisions"}],"wp:attachment":[{"href":"https:\/\/www.lespetitesjoiesdelavielondonienne.com\/en\/wp-json\/wp\/v2\/media?parent=239"}],"wp:term":[{"taxonomy":"category","embeddable":true,"href":"https:\/\/www.lespetitesjoiesdelavielondonienne.com\/en\/wp-json\/wp\/v2\/categories?post=239"},{"taxonomy":"post_tag","embeddable":true,"href":"https:\/\/www.lespetitesjoiesdelavielondonienne.com\/en\/wp-json\/wp\/v2\/tags?post=239"}],"curies":[{"name":"wp","href":"https:\/\/api.w.org\/{rel}","templated":true}]}}