{"id":5317,"date":"2014-07-24T11:25:24","date_gmt":"2014-07-24T12:25:24","guid":{"rendered":"http:\/\/www.lespetitesjoiesdelavielondonienne.com\/?page_id=5317"},"modified":"2014-07-30T17:08:47","modified_gmt":"2014-07-30T18:08:47","slug":"au-programme-petites-joies-vie-londonienne","status":"publish","type":"page","link":"http:\/\/www.lespetitesjoiesdelavielondonienne.com\/en\/au-programme-petites-joies-vie-londonienne\/","title":{"rendered":"Au programme des petites joies de la vie londonienne"},"content":{"rendered":"<p style=\"text-align: center;\"><img fetchpriority=\"high\" decoding=\"async\" class=\"size-full wp-image-5333\" alt=\"au programme BAN\" src=\"http:\/\/www.lespetitesjoiesdelavielondonienne.com\/wp-content\/uploads\/2014\/07\/au-programme-BAN1.jpg\" width=\"1000\" height=\"600\" \/><\/p>\n<h2 id=\"bienvenue-sur-le-blog-des-petites-joies-de-la-vie-londonienne\" style=\"text-align: center;\">Bienvenue sur le blog des petites joies de la vie londonienne!<\/h2>\n<p style=\"text-align: center;\">Je vous invite dans mon univers londonien et f\u00e9minin riche en petites joies du quotidien, d\u00e9couvertes anglaises et petits moments de bonheur simple, et parfois un peu moins simple d&#8217;ailleurs.<\/p>\n<p style=\"text-align: center;\">Au programme du blog, des bonnes adresses et bons plans londoniens, des posts mode, des interviews de londoniennes, des petits tours en Angleterre&#8230; Et plus concr\u00e8tement :<\/p>\n<p style=\"text-align: center;\"><img decoding=\"async\" class=\"aligncenter size-full wp-image-5335\" alt=\"Londres1\" src=\"http:\/\/www.lespetitesjoiesdelavielondonienne.com\/wp-content\/uploads\/2014\/07\/Londres1.jpg\" width=\"474\" height=\"284\" \/><\/p>\n<p style=\"text-align: center;\">La star du blog, c&#8217;est Londres. Ou plut\u00f4t la vie \u00e0 Londres et ce qu&#8217;elle nous apporte, ce qui nous manque, pourquoi la vie y semble si belle, ce qu&#8217;elle change dans nos vies. Balades londoniennes, coins cach\u00e9s, coups de coeurs en tout genre, d\u00e9couvertes, je vous emm\u00e8ne d\u00e9couvrir Londres \u00e0 travers mes yeux, ceux d&#8217;une expat fran\u00e7aise \u00e0 Londres encore sous le charme de sa nouvelle vie et de sa nouvelle ville. La vie \u00e0 Londres et si inspirante et tellement riche qu&#8217;il y a toujours de belles nouveaut\u00e9s \u00e0 partager.<\/p>\n<p style=\"text-align: center;\"><img decoding=\"async\" class=\"aligncenter size-full wp-image-5332\" alt=\"Adresses1\" src=\"http:\/\/www.lespetitesjoiesdelavielondonienne.com\/wp-content\/uploads\/2014\/07\/Adresses1.jpg\" width=\"473\" height=\"284\" \/><\/p>\n<p style=\"text-align: center;\"><span style=\"text-decoration: underline;\"><strong>Au programme, une bonne adresse londonienne par semaine<\/strong><\/span>. Des endroits divers et vari\u00e9s au hasard des d\u00e9couvertes, et en particulier des <a title=\"Les meilleures Terrasses \u00e0 Londres\" href=\"http:\/\/www.lespetitesjoiesdelavielondonienne.com\/meilleures-terrasses-a-londres\/\" target=\"_blank\">terrasses \u00e0 Londres<\/a>, rooftop, brunch, <a title=\"Restaurant insolite \u00e0 Londres : Les 3 gar\u00e7ons\" href=\"http:\/\/www.lespetitesjoiesdelavielondonienne.com\/4847-restaurant-insolite-a-londres-les-3-garcons.html\" target=\"_blank\">restaurants insolites \u00e0 Londres<\/a>, bar \u00e0 vue, <a title=\"Bar cosy \u00e0 Londres: Mon top 5\" href=\"http:\/\/www.lespetitesjoiesdelavielondonienne.com\/bar-cosy-a-londres-mon-top-5\/\" target=\"_blank\">bars cosy<\/a>, jardins secrets, et endroits qui se d\u00e9marquent d&#8217;une fa\u00e7on ou d&#8217;une autre et dans lesquels on se sent bien et on mange bien et qui nous font, eux aussi, appr\u00e9cier la vie \u00e0 Londres. Les autres, on les oublie.<\/p>\n<p style=\"text-align: center;\"><img loading=\"lazy\" decoding=\"async\" class=\"aligncenter size-full wp-image-5337\" alt=\"Mode1\" src=\"http:\/\/www.lespetitesjoiesdelavielondonienne.com\/wp-content\/uploads\/2014\/07\/Mode1.jpg\" width=\"473\" height=\"284\" \/><\/p>\n<p style=\"text-align: center;\">S&#8217;il y a bien quelque chose qui a chang\u00e9 dans ma vie \u00e0 Londres, c&#8217;est ma proximit\u00e9 avec le secteur de la mode. Alors forc\u00e9ment, y travailler et \u00eatre entour\u00e9e de gens qui y travaillent aussi, \u00e7a donne des id\u00e9es et c&#8217;est inspirant. Quelques clich\u00e9s modes se glissent dans les balades londoniennes, (mais attention, ce n&#8217;est pas un blog mode et la star \u00e7a reste Londres, pas moi) et <span style=\"text-decoration: underline;\"><strong>tous les mois, d\u00e9couvrez une nouvelle <a title=\"La londonienne\" href=\"http:\/\/www.lespetitesjoiesdelavielondonienne.com\/category\/styles\/la-londonienne\" target=\"_blank\">Londonienne<\/a><\/strong><\/span> qui nous transporte dans son univers, nous livre ses secrets modes, ses inspirations, bons plans londoniens et ses petites joies de la vie londonienne. Une rubrique r\u00e9cente que j&#8217;affectionne particuli\u00e8rement et qui va se d\u00e9velopper au fur et \u00e0 mesure. Si vous souhaitez y participer, contactez moi en utilisant la rubrique de contact en haut de la page d&#8217;accueil. Conditions : Vivre \u00e0 Londres depuis au moins 1 an et avoir une affinit\u00e9 particuli\u00e8re avec la ville et avec la mode.<\/p>\n<p style=\"text-align: center;\"><img loading=\"lazy\" decoding=\"async\" class=\"aligncenter  wp-image-5338\" alt=\"Visiter l'angleterre1.jpg\" src=\"http:\/\/www.lespetitesjoiesdelavielondonienne.com\/wp-content\/uploads\/2014\/07\/Visiter-langleterre1.jpg.png\" width=\"474\" height=\"284\" \/><\/p>\n<p style=\"text-align: center;\">Visiter l&#8217;Angleterre fait aussi partie de la vie londonienne. Plus je la visite, plus je d\u00e9couvre \u00e0 quel point le pays est splendide et riche en traditions fascinantes, et plus j&#8217;ai envie de continuer \u00e0 l&#8217;explorer. Vivre \u00e0 Londres c&#8217;est aussi vivre \u00e0 1h de tr\u00e8s jolis paysages de campagne et \u00e0 1h de jolies plages. Les escapades en Angleterre sont nombreuses et des villes \u00e9l\u00e9gantes telles <a title=\"Visiter Oxford, petit bijou anglais.\" href=\"http:\/\/www.lespetitesjoiesdelavielondonienne.com\/visiter-oxford\/\" target=\"_blank\">Oxford<\/a>, \u00a0<a title=\"Une journ\u00e9e de printemps \u00e0 Cambridge\" href=\"http:\/\/www.lespetitesjoiesdelavielondonienne.com\/une-journee-de-printemps-a-cambridge\/\" target=\"_blank\">Cambridge<\/a> ou <a title=\"Un week-end \u00e0 Bath\" href=\"http:\/\/www.lespetitesjoiesdelavielondonienne.com\/un-week-end-a-bath\/\" target=\"_blank\">Bath<\/a> aux jolies<a title=\"Vamos a la playa \u2013 Les plus jolies plages anglaises\" href=\"http:\/\/www.lespetitesjoiesdelavielondonienne.com\/les-plus-jolies-plages-anglaises\/\" target=\"_blank\"> plages anglaises<\/a> de <a title=\"Un week-end \u00e0 Bournemouth\" href=\"http:\/\/www.lespetitesjoiesdelavielondonienne.com\/un-week-end-a-bournemouth\/\" target=\"_blank\">Bournemouth<\/a> ou <a title=\"Camber Sands\" href=\"http:\/\/www.lespetitesjoiesdelavielondonienne.com\/camber-sands\/\" target=\"_blank\">Camber Sands<\/a> en passant par la cr\u00e9ativit\u00e9 de <a title=\"Un week-end \u00e0 Bristol\" href=\"http:\/\/www.lespetitesjoiesdelavielondonienne.com\/un-week-end-a-bristol\/\" target=\"_blank\">Bristol<\/a> ou <a title=\"Une journ\u00e9e \u00e0 Brighton\" href=\"http:\/\/www.lespetitesjoiesdelavielondonienne.com\/une-journee-a-brighton\/\" target=\"_blank\">Brighton<\/a>, mon p\u00e9riple anglais ne va pas s&#8217;arr\u00eater la.<\/p>\n<p style=\"text-align: center;\"><img loading=\"lazy\" decoding=\"async\" class=\"aligncenter size-full wp-image-5336\" alt=\"Mes petites joies1\" src=\"http:\/\/www.lespetitesjoiesdelavielondonienne.com\/wp-content\/uploads\/2014\/07\/Mes-petites-joies1.jpg\" width=\"474\" height=\"284\" \/><\/p>\n<p style=\"text-align: center;\"><strong><span style=\"text-decoration: underline;\">Tous les d\u00e9buts du mois<\/span><\/strong>, je partage mes petites joies du mois \u00e9coul\u00e9 en utilisant les clich\u00e9s post\u00e9s sur le compte Instagram du blog @lesjoiesdelondres, un recueil des coups de coeurs instantan\u00e9s et un univers photo qui se veut \u00e0 l&#8217;image du blog : positif et optimiste en appr\u00e9ciant le moment pr\u00e9sent. Une fa\u00e7on de jeter un petit coup d&#8217;oeil en arri\u00e8re, de se rem\u00e9morer les bons moments pass\u00e9s, de les appr\u00e9cier et de commencer un nouveau mois sur une touche positive et optimiste.<\/p>\n<p>&nbsp;<\/p>\n","protected":false},"excerpt":{"rendered":"<p>Bienvenue sur le blog des petites joies de la vie londonienne! Je vous invite dans mon&#8230;<\/p>","protected":false},"author":1,"featured_media":0,"parent":0,"menu_order":0,"comment_status":"open","ping_status":"open","template":"","meta":{"_monsterinsights_skip_tracking":false,"_monsterinsights_sitenote_active":false,"_monsterinsights_sitenote_note":"","_monsterinsights_sitenote_category":0,"footnotes":""},"categories":[],"tags":[],"class_list":["post-5317","page","type-page","status-publish","hentry"],"translation":{"provider":"WPGlobus","version":"3.0.2","language":"en","enabled_languages":["fr","en"],"languages":{"fr":{"title":true,"content":true,"excerpt":false},"en":{"title":false,"content":false,"excerpt":false}}},"yoast_head":"<!-- This site is optimized with the Yoast SEO plugin v26.7 - https:\/\/yoast.com\/wordpress\/plugins\/seo\/ -->\n<title>Au programme des petites joies de la vie londonienne - Les petites joies de la vie londonienne<\/title>\n<meta name=\"robots\" content=\"index, follow, max-snippet:-1, max-image-preview:large, max-video-preview:-1\" \/>\n<link rel=\"canonical\" href=\"http:\/\/www.lespetitesjoiesdelavielondonienne.com\/en\/au-programme-petites-joies-vie-londonienne\/\" \/>\n<meta property=\"og:locale\" content=\"en_GB\" \/>\n<meta property=\"og:type\" content=\"article\" \/>\n<meta property=\"og:title\" content=\"Au programme des petites joies de la vie londonienne - Les petites joies de la vie londonienne\" \/>\n<meta property=\"og:url\" content=\"http:\/\/www.lespetitesjoiesdelavielondonienne.com\/en\/au-programme-petites-joies-vie-londonienne\/\" \/>\n<meta property=\"og:site_name\" content=\"Les petites joies de la vie londonienne\" \/>\n<meta property=\"article:publisher\" content=\"http:\/\/facebook.com\/lespetitesjoiesdelavielondoni%e2%80%a6\" \/>\n<meta property=\"article:modified_time\" content=\"2014-07-30T18:08:47+00:00\" \/>\n<meta property=\"og:image\" content=\"http:\/\/www.lespetitesjoiesdelavielondonienne.com\/wp-content\/uploads\/2014\/07\/au-programme-BAN1.jpg\" \/>\n<meta name=\"twitter:label1\" content=\"Est. reading time\" \/>\n\t<meta name=\"twitter:data1\" content=\"3 minutes\" \/>\n<script type=\"application\/ld+json\" class=\"yoast-schema-graph\">{\"@context\":\"https:\/\/schema.org\",\"@graph\":[{\"@type\":\"WebPage\",\"@id\":\"http:\/\/www.lespetitesjoiesdelavielondonienne.com\/en\/au-programme-petites-joies-vie-londonienne\/\",\"url\":\"http:\/\/www.lespetitesjoiesdelavielondonienne.com\/en\/au-programme-petites-joies-vie-londonienne\/\",\"name\":\"Au programme des petites joies de la vie londonienne - Les petites joies de la vie londonienne\",\"isPartOf\":{\"@id\":\"http:\/\/www.lespetitesjoiesdelavielondonienne.com\/#website\"},\"primaryImageOfPage\":{\"@id\":\"http:\/\/www.lespetitesjoiesdelavielondonienne.com\/en\/au-programme-petites-joies-vie-londonienne\/#primaryimage\"},\"image\":{\"@id\":\"http:\/\/www.lespetitesjoiesdelavielondonienne.com\/en\/au-programme-petites-joies-vie-londonienne\/#primaryimage\"},\"thumbnailUrl\":\"http:\/\/www.lespetitesjoiesdelavielondonienne.com\/wp-content\/uploads\/2014\/07\/au-programme-BAN1.jpg\",\"datePublished\":\"2014-07-24T12:25:24+00:00\",\"dateModified\":\"2014-07-30T18:08:47+00:00\",\"description\":\"Bienvenue sur le blog des petites joies de la vie londonienne! Je vous invite dans mon univers londonien et f\u00e9minin riche en petites joies du quotidien,\",\"breadcrumb\":{\"@id\":\"http:\/\/www.lespetitesjoiesdelavielondonienne.com\/en\/au-programme-petites-joies-vie-londonienne\/#breadcrumb\"},\"inLanguage\":\"en-GB\",\"potentialAction\":[{\"@type\":\"ReadAction\",\"target\":[\"http:\/\/www.lespetitesjoiesdelavielondonienne.com\/en\/au-programme-petites-joies-vie-londonienne\/\"]}]},{\"@type\":\"ImageObject\",\"inLanguage\":\"en-GB\",\"@id\":\"http:\/\/www.lespetitesjoiesdelavielondonienne.com\/en\/au-programme-petites-joies-vie-londonienne\/#primaryimage\",\"url\":\"http:\/\/www.lespetitesjoiesdelavielondonienne.com\/wp-content\/uploads\/2014\/07\/au-programme-BAN1.jpg\",\"contentUrl\":\"http:\/\/www.lespetitesjoiesdelavielondonienne.com\/wp-content\/uploads\/2014\/07\/au-programme-BAN1.jpg\"},{\"@type\":\"BreadcrumbList\",\"@id\":\"http:\/\/www.lespetitesjoiesdelavielondonienne.com\/en\/au-programme-petites-joies-vie-londonienne\/#breadcrumb\",\"itemListElement\":[{\"@type\":\"ListItem\",\"position\":1,\"name\":\"Home\",\"item\":\"http:\/\/www.lespetitesjoiesdelavielondonienne.com\/\"},{\"@type\":\"ListItem\",\"position\":2,\"name\":\"Au programme des petites joies de la vie londonienne\"}]},{\"@type\":\"WebSite\",\"@id\":\"http:\/\/www.lespetitesjoiesdelavielondonienne.com\/#website\",\"url\":\"http:\/\/www.lespetitesjoiesdelavielondonienne.com\/\",\"name\":\"Les petites joies de la vie londonienne\",\"description\":\"London lifestyle and French expat life\",\"publisher\":{\"@id\":\"http:\/\/www.lespetitesjoiesdelavielondonienne.com\/#organization\"},\"potentialAction\":[{\"@type\":\"SearchAction\",\"target\":{\"@type\":\"EntryPoint\",\"urlTemplate\":\"http:\/\/www.lespetitesjoiesdelavielondonienne.com\/?s={search_term_string}\"},\"query-input\":{\"@type\":\"PropertyValueSpecification\",\"valueRequired\":true,\"valueName\":\"search_term_string\"}}],\"inLanguage\":\"en-GB\"},{\"@type\":\"Organization\",\"@id\":\"http:\/\/www.lespetitesjoiesdelavielondonienne.com\/#organization\",\"name\":\"Les petites joies de la vie londonienne\",\"url\":\"http:\/\/www.lespetitesjoiesdelavielondonienne.com\/\",\"logo\":{\"@type\":\"ImageObject\",\"inLanguage\":\"en-GB\",\"@id\":\"http:\/\/www.lespetitesjoiesdelavielondonienne.com\/#\/schema\/logo\/image\/\",\"url\":\"http:\/\/www.lespetitesjoiesdelavielondonienne.com\/wp-content\/uploads\/2017\/07\/header-logo.png\",\"contentUrl\":\"http:\/\/www.lespetitesjoiesdelavielondonienne.com\/wp-content\/uploads\/2017\/07\/header-logo.png\",\"width\":405,\"height\":282,\"caption\":\"Les petites joies de la vie londonienne\"},\"image\":{\"@id\":\"http:\/\/www.lespetitesjoiesdelavielondonienne.com\/#\/schema\/logo\/image\/\"},\"sameAs\":[\"http:\/\/facebook.com\/lespetitesjoiesdelavielondoni\u2026\",\"https:\/\/x.com\/elodie_ldn\",\"http:\/\/instagram.com\/elodie_london\/\"]}]}<\/script>\n<!-- \/ Yoast SEO plugin. -->","yoast_head_json":{"title":"Au programme des petites joies de la vie londonienne - Les petites joies de la vie londonienne","robots":{"index":"index","follow":"follow","max-snippet":"max-snippet:-1","max-image-preview":"max-image-preview:large","max-video-preview":"max-video-preview:-1"},"canonical":"http:\/\/www.lespetitesjoiesdelavielondonienne.com\/en\/au-programme-petites-joies-vie-londonienne\/","og_locale":"en_GB","og_type":"article","og_title":"Au programme des petites joies de la vie londonienne - Les petites joies de la vie londonienne","og_url":"http:\/\/www.lespetitesjoiesdelavielondonienne.com\/en\/au-programme-petites-joies-vie-londonienne\/","og_site_name":"Les petites joies de la vie londonienne","article_publisher":"http:\/\/facebook.com\/lespetitesjoiesdelavielondoni%e2%80%a6","article_modified_time":"2014-07-30T18:08:47+00:00","og_image":[{"url":"http:\/\/www.lespetitesjoiesdelavielondonienne.com\/wp-content\/uploads\/2014\/07\/au-programme-BAN1.jpg","type":"","width":"","height":""}],"twitter_misc":{"Est. reading time":"3 minutes"},"schema":{"@context":"https:\/\/schema.org","@graph":[{"@type":"WebPage","@id":"http:\/\/www.lespetitesjoiesdelavielondonienne.com\/en\/au-programme-petites-joies-vie-londonienne\/","url":"http:\/\/www.lespetitesjoiesdelavielondonienne.com\/en\/au-programme-petites-joies-vie-londonienne\/","name":"Au programme des petites joies de la vie londonienne - Les petites joies de la vie londonienne","isPartOf":{"@id":"http:\/\/www.lespetitesjoiesdelavielondonienne.com\/#website"},"primaryImageOfPage":{"@id":"http:\/\/www.lespetitesjoiesdelavielondonienne.com\/en\/au-programme-petites-joies-vie-londonienne\/#primaryimage"},"image":{"@id":"http:\/\/www.lespetitesjoiesdelavielondonienne.com\/en\/au-programme-petites-joies-vie-londonienne\/#primaryimage"},"thumbnailUrl":"http:\/\/www.lespetitesjoiesdelavielondonienne.com\/wp-content\/uploads\/2014\/07\/au-programme-BAN1.jpg","datePublished":"2014-07-24T12:25:24+00:00","dateModified":"2014-07-30T18:08:47+00:00","description":"Bienvenue sur le blog des petites joies de la vie londonienne! Je vous invite dans mon univers londonien et f\u00e9minin riche en petites joies du quotidien,","breadcrumb":{"@id":"http:\/\/www.lespetitesjoiesdelavielondonienne.com\/en\/au-programme-petites-joies-vie-londonienne\/#breadcrumb"},"inLanguage":"en-GB","potentialAction":[{"@type":"ReadAction","target":["http:\/\/www.lespetitesjoiesdelavielondonienne.com\/en\/au-programme-petites-joies-vie-londonienne\/"]}]},{"@type":"ImageObject","inLanguage":"en-GB","@id":"http:\/\/www.lespetitesjoiesdelavielondonienne.com\/en\/au-programme-petites-joies-vie-londonienne\/#primaryimage","url":"http:\/\/www.lespetitesjoiesdelavielondonienne.com\/wp-content\/uploads\/2014\/07\/au-programme-BAN1.jpg","contentUrl":"http:\/\/www.lespetitesjoiesdelavielondonienne.com\/wp-content\/uploads\/2014\/07\/au-programme-BAN1.jpg"},{"@type":"BreadcrumbList","@id":"http:\/\/www.lespetitesjoiesdelavielondonienne.com\/en\/au-programme-petites-joies-vie-londonienne\/#breadcrumb","itemListElement":[{"@type":"ListItem","position":1,"name":"Home","item":"http:\/\/www.lespetitesjoiesdelavielondonienne.com\/"},{"@type":"ListItem","position":2,"name":"Au programme des petites joies de la vie londonienne"}]},{"@type":"WebSite","@id":"http:\/\/www.lespetitesjoiesdelavielondonienne.com\/#website","url":"http:\/\/www.lespetitesjoiesdelavielondonienne.com\/","name":"Les petites joies de la vie londonienne","description":"London lifestyle and French expat life","publisher":{"@id":"http:\/\/www.lespetitesjoiesdelavielondonienne.com\/#organization"},"potentialAction":[{"@type":"SearchAction","target":{"@type":"EntryPoint","urlTemplate":"http:\/\/www.lespetitesjoiesdelavielondonienne.com\/?s={search_term_string}"},"query-input":{"@type":"PropertyValueSpecification","valueRequired":true,"valueName":"search_term_string"}}],"inLanguage":"en-GB"},{"@type":"Organization","@id":"http:\/\/www.lespetitesjoiesdelavielondonienne.com\/#organization","name":"Les petites joies de la vie londonienne","url":"http:\/\/www.lespetitesjoiesdelavielondonienne.com\/","logo":{"@type":"ImageObject","inLanguage":"en-GB","@id":"http:\/\/www.lespetitesjoiesdelavielondonienne.com\/#\/schema\/logo\/image\/","url":"http:\/\/www.lespetitesjoiesdelavielondonienne.com\/wp-content\/uploads\/2017\/07\/header-logo.png","contentUrl":"http:\/\/www.lespetitesjoiesdelavielondonienne.com\/wp-content\/uploads\/2017\/07\/header-logo.png","width":405,"height":282,"caption":"Les petites joies de la vie londonienne"},"image":{"@id":"http:\/\/www.lespetitesjoiesdelavielondonienne.com\/#\/schema\/logo\/image\/"},"sameAs":["http:\/\/facebook.com\/lespetitesjoiesdelavielondoni\u2026","https:\/\/x.com\/elodie_ldn","http:\/\/instagram.com\/elodie_london\/"]}]}},"_links":{"self":[{"href":"http:\/\/www.lespetitesjoiesdelavielondonienne.com\/en\/wp-json\/wp\/v2\/pages\/5317","targetHints":{"allow":["GET"]}}],"collection":[{"href":"http:\/\/www.lespetitesjoiesdelavielondonienne.com\/en\/wp-json\/wp\/v2\/pages"}],"about":[{"href":"http:\/\/www.lespetitesjoiesdelavielondonienne.com\/en\/wp-json\/wp\/v2\/types\/page"}],"author":[{"embeddable":true,"href":"http:\/\/www.lespetitesjoiesdelavielondonienne.com\/en\/wp-json\/wp\/v2\/users\/1"}],"replies":[{"embeddable":true,"href":"http:\/\/www.lespetitesjoiesdelavielondonienne.com\/en\/wp-json\/wp\/v2\/comments?post=5317"}],"version-history":[{"count":0,"href":"http:\/\/www.lespetitesjoiesdelavielondonienne.com\/en\/wp-json\/wp\/v2\/pages\/5317\/revisions"}],"wp:attachment":[{"href":"http:\/\/www.lespetitesjoiesdelavielondonienne.com\/en\/wp-json\/wp\/v2\/media?parent=5317"}],"wp:term":[{"taxonomy":"category","embeddable":true,"href":"http:\/\/www.lespetitesjoiesdelavielondonienne.com\/en\/wp-json\/wp\/v2\/categories?post=5317"},{"taxonomy":"post_tag","embeddable":true,"href":"http:\/\/www.lespetitesjoiesdelavielondonienne.com\/en\/wp-json\/wp\/v2\/tags?post=5317"}],"curies":[{"name":"wp","href":"https:\/\/api.w.org\/{rel}","templated":true}]}}