{"id":3843,"date":"2014-04-02T09:53:07","date_gmt":"2014-04-02T10:53:07","guid":{"rendered":"http:\/\/www.lespetitesjoiesdelavielondonienne.com\/?page_id=3843"},"modified":"2015-05-07T07:02:06","modified_gmt":"2015-05-07T08:02:06","slug":"hp","status":"publish","type":"page","link":"http:\/\/www.lespetitesjoiesdelavielondonienne.com\/en\/hp\/","title":{"rendered":"Les petites joies de la vie Londonienne &#8211; Blog lifestyle et blog voyage d&#8217;une fran\u00e7aise \u00e0 Londres."},"content":{"rendered":"<p>Les petites joies de la vie Londonienne, le Blog lifestyle et Blog voyage d&#8217;une fran\u00e7aise \u00e0 Londres.<\/p>\n<p>De l&#8217;installation \u00e0 la vie londonienne, je partage mes d\u00e9couvertes, premi\u00e8res impressions et tranches de vie londonienne riches en moments forts, dr\u00f4les mais surtout petites joies de la vie londoniens et petits moments de bonheur dans cet exp\u00e9rience d&#8217;expatri\u00e9.<\/p>\n<p>Vie d&#8217;expat, vie londonienne, bonnes adresses \u00e0 Londres, visites de l\u2019Angleterre, de Bath \u00e0 Oxford en passant par Cambridge et Brighton, mais aussi voyages en Europe et plus loin, d&#8217;Amsterdam \u00e0 Sydney en passant par Marrakech et Budapest.<\/p>\n<p><img decoding=\"async\" class=\"size-medium wp-image-3919 alignleft\" src=\"http:\/\/www.lespetitesjoiesdelavielondonienne.com\/wp-content\/uploads\/2014\/04\/bnner-spring1-300x78.jpg\" alt=\"Les petites joies de la vie londonienne - Blog Londonien et f\u00e9minin\" width=\"300\" height=\"78\" \/><\/p>\n<p>&nbsp;<\/p>\n","protected":false},"excerpt":{"rendered":"<p>Les petites joies de la vie Londonienne, le Blog lifestyle et Blog voyage d&#8217;une fran\u00e7aise \u00e0&#8230;<\/p>","protected":false},"author":1,"featured_media":0,"parent":0,"menu_order":0,"comment_status":"open","ping_status":"open","template":"","meta":{"_monsterinsights_skip_tracking":false,"_monsterinsights_sitenote_active":false,"_monsterinsights_sitenote_note":"","_monsterinsights_sitenote_category":0,"footnotes":""},"categories":[],"tags":[],"class_list":["post-3843","page","type-page","status-publish","hentry"],"translation":{"provider":"WPGlobus","version":"3.0.2","language":"en","enabled_languages":["fr","en"],"languages":{"fr":{"title":true,"content":true,"excerpt":false},"en":{"title":false,"content":false,"excerpt":false}}},"yoast_head":"<!-- This site is optimized with the Yoast SEO plugin v26.7 - https:\/\/yoast.com\/wordpress\/plugins\/seo\/ -->\n<title>Les petites joies de la vie Londonienne - Blog lifestyle et blog voyage d&#039;une fran\u00e7aise \u00e0 Londres. - Les petites joies de la vie londonienne<\/title>\n<meta name=\"robots\" content=\"index, follow, max-snippet:-1, max-image-preview:large, max-video-preview:-1\" \/>\n<link rel=\"canonical\" href=\"https:\/\/www.lespetitesjoiesdelavielondonienne.com\/hp\/\" \/>\n<meta property=\"og:locale\" content=\"en_GB\" \/>\n<meta property=\"og:type\" content=\"article\" \/>\n<meta property=\"og:title\" content=\"Les petites joies de la vie Londonienne - Blog lifestyle et blog voyage d&#039;une fran\u00e7aise \u00e0 Londres. - Les petites joies de la vie londonienne\" \/>\n<meta property=\"og:url\" content=\"https:\/\/www.lespetitesjoiesdelavielondonienne.com\/hp\/\" \/>\n<meta property=\"og:site_name\" content=\"Les petites joies de la vie londonienne\" \/>\n<meta property=\"article:publisher\" content=\"http:\/\/facebook.com\/lespetitesjoiesdelavielondoni%e2%80%a6\" \/>\n<meta property=\"article:modified_time\" content=\"2015-05-07T08:02:06+00:00\" \/>\n<meta property=\"og:image\" content=\"http:\/\/www.lespetitesjoiesdelavielondonienne.com\/wp-content\/uploads\/2014\/04\/bnner-spring1-300x78.jpg\" \/>\n<script type=\"application\/ld+json\" class=\"yoast-schema-graph\">{\"@context\":\"https:\/\/schema.org\",\"@graph\":[{\"@type\":\"WebPage\",\"@id\":\"https:\/\/www.lespetitesjoiesdelavielondonienne.com\/hp\/\",\"url\":\"https:\/\/www.lespetitesjoiesdelavielondonienne.com\/hp\/\",\"name\":\"Les petites joies de la vie Londonienne - Blog lifestyle et blog voyage d'une fran\u00e7aise \u00e0 Londres. - Les petites joies de la vie londonienne\",\"isPartOf\":{\"@id\":\"http:\/\/www.lespetitesjoiesdelavielondonienne.com\/#website\"},\"primaryImageOfPage\":{\"@id\":\"https:\/\/www.lespetitesjoiesdelavielondonienne.com\/hp\/#primaryimage\"},\"image\":{\"@id\":\"https:\/\/www.lespetitesjoiesdelavielondonienne.com\/hp\/#primaryimage\"},\"thumbnailUrl\":\"http:\/\/www.lespetitesjoiesdelavielondonienne.com\/wp-content\/uploads\/2014\/04\/bnner-spring1-300x78.jpg\",\"datePublished\":\"2014-04-02T10:53:07+00:00\",\"dateModified\":\"2015-05-07T08:02:06+00:00\",\"description\":\"Les petites joies de la vie Londonienne, le Blog lifestyle et Blog voyage d'une fran\u00e7aise \u00e0 Londres. De l'installation \u00e0 la vie londonienne, je partage\",\"breadcrumb\":{\"@id\":\"https:\/\/www.lespetitesjoiesdelavielondonienne.com\/hp\/#breadcrumb\"},\"inLanguage\":\"en-GB\",\"potentialAction\":[{\"@type\":\"ReadAction\",\"target\":[\"https:\/\/www.lespetitesjoiesdelavielondonienne.com\/hp\/\"]}]},{\"@type\":\"ImageObject\",\"inLanguage\":\"en-GB\",\"@id\":\"https:\/\/www.lespetitesjoiesdelavielondonienne.com\/hp\/#primaryimage\",\"url\":\"http:\/\/www.lespetitesjoiesdelavielondonienne.com\/wp-content\/uploads\/2014\/04\/bnner-spring1-300x78.jpg\",\"contentUrl\":\"http:\/\/www.lespetitesjoiesdelavielondonienne.com\/wp-content\/uploads\/2014\/04\/bnner-spring1-300x78.jpg\"},{\"@type\":\"BreadcrumbList\",\"@id\":\"https:\/\/www.lespetitesjoiesdelavielondonienne.com\/hp\/#breadcrumb\",\"itemListElement\":[{\"@type\":\"ListItem\",\"position\":1,\"name\":\"Home\",\"item\":\"http:\/\/www.lespetitesjoiesdelavielondonienne.com\/\"},{\"@type\":\"ListItem\",\"position\":2,\"name\":\"Les petites joies de la vie Londonienne &#8211; Blog lifestyle et blog voyage d&rsquo;une fran\u00e7aise \u00e0 Londres.\"}]},{\"@type\":\"WebSite\",\"@id\":\"http:\/\/www.lespetitesjoiesdelavielondonienne.com\/#website\",\"url\":\"http:\/\/www.lespetitesjoiesdelavielondonienne.com\/\",\"name\":\"Les petites joies de la vie londonienne\",\"description\":\"London lifestyle and French expat life\",\"publisher\":{\"@id\":\"http:\/\/www.lespetitesjoiesdelavielondonienne.com\/#organization\"},\"potentialAction\":[{\"@type\":\"SearchAction\",\"target\":{\"@type\":\"EntryPoint\",\"urlTemplate\":\"http:\/\/www.lespetitesjoiesdelavielondonienne.com\/?s={search_term_string}\"},\"query-input\":{\"@type\":\"PropertyValueSpecification\",\"valueRequired\":true,\"valueName\":\"search_term_string\"}}],\"inLanguage\":\"en-GB\"},{\"@type\":\"Organization\",\"@id\":\"http:\/\/www.lespetitesjoiesdelavielondonienne.com\/#organization\",\"name\":\"Les petites joies de la vie londonienne\",\"url\":\"http:\/\/www.lespetitesjoiesdelavielondonienne.com\/\",\"logo\":{\"@type\":\"ImageObject\",\"inLanguage\":\"en-GB\",\"@id\":\"http:\/\/www.lespetitesjoiesdelavielondonienne.com\/#\/schema\/logo\/image\/\",\"url\":\"http:\/\/www.lespetitesjoiesdelavielondonienne.com\/wp-content\/uploads\/2017\/07\/header-logo.png\",\"contentUrl\":\"http:\/\/www.lespetitesjoiesdelavielondonienne.com\/wp-content\/uploads\/2017\/07\/header-logo.png\",\"width\":405,\"height\":282,\"caption\":\"Les petites joies de la vie londonienne\"},\"image\":{\"@id\":\"http:\/\/www.lespetitesjoiesdelavielondonienne.com\/#\/schema\/logo\/image\/\"},\"sameAs\":[\"http:\/\/facebook.com\/lespetitesjoiesdelavielondoni\u2026\",\"https:\/\/x.com\/elodie_ldn\",\"http:\/\/instagram.com\/elodie_london\/\"]}]}<\/script>\n<!-- \/ Yoast SEO plugin. -->","yoast_head_json":{"title":"Les petites joies de la vie Londonienne - Blog lifestyle et blog voyage d'une fran\u00e7aise \u00e0 Londres. - Les petites joies de la vie londonienne","robots":{"index":"index","follow":"follow","max-snippet":"max-snippet:-1","max-image-preview":"max-image-preview:large","max-video-preview":"max-video-preview:-1"},"canonical":"https:\/\/www.lespetitesjoiesdelavielondonienne.com\/hp\/","og_locale":"en_GB","og_type":"article","og_title":"Les petites joies de la vie Londonienne - Blog lifestyle et blog voyage d'une fran\u00e7aise \u00e0 Londres. - Les petites joies de la vie londonienne","og_url":"https:\/\/www.lespetitesjoiesdelavielondonienne.com\/hp\/","og_site_name":"Les petites joies de la vie londonienne","article_publisher":"http:\/\/facebook.com\/lespetitesjoiesdelavielondoni%e2%80%a6","article_modified_time":"2015-05-07T08:02:06+00:00","og_image":[{"url":"http:\/\/www.lespetitesjoiesdelavielondonienne.com\/wp-content\/uploads\/2014\/04\/bnner-spring1-300x78.jpg","type":"","width":"","height":""}],"schema":{"@context":"https:\/\/schema.org","@graph":[{"@type":"WebPage","@id":"https:\/\/www.lespetitesjoiesdelavielondonienne.com\/hp\/","url":"https:\/\/www.lespetitesjoiesdelavielondonienne.com\/hp\/","name":"Les petites joies de la vie Londonienne - Blog lifestyle et blog voyage d'une fran\u00e7aise \u00e0 Londres. - Les petites joies de la vie londonienne","isPartOf":{"@id":"http:\/\/www.lespetitesjoiesdelavielondonienne.com\/#website"},"primaryImageOfPage":{"@id":"https:\/\/www.lespetitesjoiesdelavielondonienne.com\/hp\/#primaryimage"},"image":{"@id":"https:\/\/www.lespetitesjoiesdelavielondonienne.com\/hp\/#primaryimage"},"thumbnailUrl":"http:\/\/www.lespetitesjoiesdelavielondonienne.com\/wp-content\/uploads\/2014\/04\/bnner-spring1-300x78.jpg","datePublished":"2014-04-02T10:53:07+00:00","dateModified":"2015-05-07T08:02:06+00:00","description":"Les petites joies de la vie Londonienne, le Blog lifestyle et Blog voyage d'une fran\u00e7aise \u00e0 Londres. De l'installation \u00e0 la vie londonienne, je partage","breadcrumb":{"@id":"https:\/\/www.lespetitesjoiesdelavielondonienne.com\/hp\/#breadcrumb"},"inLanguage":"en-GB","potentialAction":[{"@type":"ReadAction","target":["https:\/\/www.lespetitesjoiesdelavielondonienne.com\/hp\/"]}]},{"@type":"ImageObject","inLanguage":"en-GB","@id":"https:\/\/www.lespetitesjoiesdelavielondonienne.com\/hp\/#primaryimage","url":"http:\/\/www.lespetitesjoiesdelavielondonienne.com\/wp-content\/uploads\/2014\/04\/bnner-spring1-300x78.jpg","contentUrl":"http:\/\/www.lespetitesjoiesdelavielondonienne.com\/wp-content\/uploads\/2014\/04\/bnner-spring1-300x78.jpg"},{"@type":"BreadcrumbList","@id":"https:\/\/www.lespetitesjoiesdelavielondonienne.com\/hp\/#breadcrumb","itemListElement":[{"@type":"ListItem","position":1,"name":"Home","item":"http:\/\/www.lespetitesjoiesdelavielondonienne.com\/"},{"@type":"ListItem","position":2,"name":"Les petites joies de la vie Londonienne &#8211; Blog lifestyle et blog voyage d&rsquo;une fran\u00e7aise \u00e0 Londres."}]},{"@type":"WebSite","@id":"http:\/\/www.lespetitesjoiesdelavielondonienne.com\/#website","url":"http:\/\/www.lespetitesjoiesdelavielondonienne.com\/","name":"Les petites joies de la vie londonienne","description":"London lifestyle and French expat life","publisher":{"@id":"http:\/\/www.lespetitesjoiesdelavielondonienne.com\/#organization"},"potentialAction":[{"@type":"SearchAction","target":{"@type":"EntryPoint","urlTemplate":"http:\/\/www.lespetitesjoiesdelavielondonienne.com\/?s={search_term_string}"},"query-input":{"@type":"PropertyValueSpecification","valueRequired":true,"valueName":"search_term_string"}}],"inLanguage":"en-GB"},{"@type":"Organization","@id":"http:\/\/www.lespetitesjoiesdelavielondonienne.com\/#organization","name":"Les petites joies de la vie londonienne","url":"http:\/\/www.lespetitesjoiesdelavielondonienne.com\/","logo":{"@type":"ImageObject","inLanguage":"en-GB","@id":"http:\/\/www.lespetitesjoiesdelavielondonienne.com\/#\/schema\/logo\/image\/","url":"http:\/\/www.lespetitesjoiesdelavielondonienne.com\/wp-content\/uploads\/2017\/07\/header-logo.png","contentUrl":"http:\/\/www.lespetitesjoiesdelavielondonienne.com\/wp-content\/uploads\/2017\/07\/header-logo.png","width":405,"height":282,"caption":"Les petites joies de la vie londonienne"},"image":{"@id":"http:\/\/www.lespetitesjoiesdelavielondonienne.com\/#\/schema\/logo\/image\/"},"sameAs":["http:\/\/facebook.com\/lespetitesjoiesdelavielondoni\u2026","https:\/\/x.com\/elodie_ldn","http:\/\/instagram.com\/elodie_london\/"]}]}},"_links":{"self":[{"href":"http:\/\/www.lespetitesjoiesdelavielondonienne.com\/en\/wp-json\/wp\/v2\/pages\/3843","targetHints":{"allow":["GET"]}}],"collection":[{"href":"http:\/\/www.lespetitesjoiesdelavielondonienne.com\/en\/wp-json\/wp\/v2\/pages"}],"about":[{"href":"http:\/\/www.lespetitesjoiesdelavielondonienne.com\/en\/wp-json\/wp\/v2\/types\/page"}],"author":[{"embeddable":true,"href":"http:\/\/www.lespetitesjoiesdelavielondonienne.com\/en\/wp-json\/wp\/v2\/users\/1"}],"replies":[{"embeddable":true,"href":"http:\/\/www.lespetitesjoiesdelavielondonienne.com\/en\/wp-json\/wp\/v2\/comments?post=3843"}],"version-history":[{"count":0,"href":"http:\/\/www.lespetitesjoiesdelavielondonienne.com\/en\/wp-json\/wp\/v2\/pages\/3843\/revisions"}],"wp:attachment":[{"href":"http:\/\/www.lespetitesjoiesdelavielondonienne.com\/en\/wp-json\/wp\/v2\/media?parent=3843"}],"wp:term":[{"taxonomy":"category","embeddable":true,"href":"http:\/\/www.lespetitesjoiesdelavielondonienne.com\/en\/wp-json\/wp\/v2\/categories?post=3843"},{"taxonomy":"post_tag","embeddable":true,"href":"http:\/\/www.lespetitesjoiesdelavielondonienne.com\/en\/wp-json\/wp\/v2\/tags?post=3843"}],"curies":[{"name":"wp","href":"https:\/\/api.w.org\/{rel}","templated":true}]}}