{"id":2432,"date":"2013-11-16T15:51:33","date_gmt":"2013-11-16T15:51:33","guid":{"rendered":"http:\/\/www.lespetitesjoiesdelavielondonienne.com\/?page_id=2432"},"modified":"2014-04-02T09:51:40","modified_gmt":"2014-04-02T10:51:40","slug":"une-question-une-reponse","status":"publish","type":"page","link":"http:\/\/www.lespetitesjoiesdelavielondonienne.com\/en\/une-question-une-reponse\/","title":{"rendered":"FAQ"},"content":{"rendered":"<p>R\u00e9guli\u00e8rement, je re\u00e7ois des questions par mail ou sur la page Facebook du blog, vous voulez vous installer \u00e0 Londres, vous vous demandez si j&#8217;ai vraiment test\u00e9 les produits pr\u00e9sent\u00e9s? Qui je suis? Voil\u00e0 un d\u00e9but de r\u00e9ponse&#8230;<\/p>\n<p><span style=\"text-decoration: underline;\"><strong>&#8211; Le blog :<\/strong><\/span><\/p>\n<p>Les petites joies de la vie londonienne, c&#8217;est un blog &#8220;lifestyle&#8221; sur la vie \u00e0 Londres, mais c&#8217;est aussi un blog f\u00e9minin avec par-ci par l\u00e0 quelques touches modes, beaut\u00e9, et des articles tr\u00e8s f\u00e9minins, mais toujours li\u00e9s \u00e0 la vie \u00e0 Londres.<\/p>\n<p><span style=\"text-decoration: underline;\"><strong>&#8211; Installation \u00e0 Londres :<\/strong> <\/span><\/p>\n<p>Malheureusement, je ne suis ni une filiale du p\u00f4le emploi ni une agence immobili\u00e8re&#8230; Je suis moi m\u00eame venue ici sans emploi et sans appart, ai fait mes propres recherches et connexions. Je ne peux pas vous aider \u00e0 vous installer \u00e0 Londres mais en revanche j&#8217;ai \u00e9cris un article pour partager mes conseils pour <a title=\"Trouver une colocation \u00e0 Londres\" href=\"http:\/\/www.lespetitesjoiesdelavielondonienne.com\/4-trouver-une-colocation-a-londres.html\" target=\"_blank\">trouver une colocation \u00e0 Londres<\/a> et <a href=\"http:\/\/www.lespetitesjoiesdelavielondonienne.com\/5-trouver-un-emploi-a-londres.html#.UoeSE1O44lU\" target=\"_blank\">trouver un emploi \u00e0 Londres<\/a> dans la rubrique <a title=\"S'installer \u00e0 Londres\" href=\"http:\/\/www.lespetitesjoiesdelavielondonienne.com\/category\/sinstaller-a-londres\" target=\"_blank\"><strong>S&#8217;installer \u00e0 Londres<\/strong><\/a> que j&#8217;ai volontairement pr\u00e9sent\u00e9e dans l&#8217;un des onglets de la page d&#8217;accueil pour qu&#8217;elle soit visible et puisse servir \u00e0 ceux qui s&#8217;installent et cherchent des conseils.<\/p>\n<p>Une installation \u00e0 Londres, \u00e7a se pr\u00e9pare. Financi\u00e8rement, la vie est tr\u00e8s ch\u00e8re, et il n&#8217;est pas si simple de trouver un emploi, m\u00eame un &#8220;petit job en attendant&#8221;, alors pr\u00e9voyez un budget de d\u00e9part.<\/p>\n<p>Bon courage!<\/p>\n<p><span style=\"text-decoration: underline;\"><strong>&#8211; Qui suis je?<\/strong> <\/span><\/p>\n<p>J&#8217;ai cr\u00e9\u00e9 une page pour me pr\u00e9senter en quelques mots. Je suis venue \u00e0 Londres pour changer de vie et donner un coup de boost \u00e0 ma carri\u00e8re professionnelle. J&#8217;ai 28 ans, je travaille dans le marketing digital et Londres est une des meilleurs villes d&#8217;Europe pour \u00e9voluer dans ce m\u00e9tier. Il se peut que je r\u00e9v\u00e8le quelques informations personnelles au fil des articles, mais pour l&#8217;instant je ne souhaite pas trop m&#8217;exposer.<\/p>\n<p><span style=\"text-decoration: underline;\"><strong>&#8211; Produits pr\u00e9sent\u00e9s sur le blog<\/strong><\/span><\/p>\n<p>De fa\u00e7on g\u00e9n\u00e9rale, je ne fais que tr\u00e8s peu de partenariats avec des marques. Le peu de concours que j&#8217;ai pu faire \u00e9taient bien \u00e9videmment en partenariat avec des marques et je les ai fait parce que je les trouvais top. Voil\u00e0. Vous l&#8217;avez peut-\u00eatre compris, ce blog c&#8217;est mon b\u00e9b\u00e9, mon petit projet personnel et ma bouff\u00e9e d&#8217;oxyg\u00e8ne au quotidien. Je ne sais pas ce qu&#8217;il deviendra \u00e0 l&#8217;avenir, mais je tiens \u00e0 ce qu&#8217;il garde son authenticit\u00e9 et que \u00e7a reste un espace personnel et un espace de partage. Je n&#8217;en retire aucun profit et le fait d&#8217;une part par plaisir, et d&#8217;autre part car tenir un blog en travaillant dans le marketing digital, c&#8217;est aussi un moyen d&#8217;apprendre toujours un peu plus sur mon m\u00e9tier.<\/p>\n","protected":false},"excerpt":{"rendered":"<p>R\u00e9guli\u00e8rement, je re\u00e7ois des questions par mail ou sur la page Facebook du blog, vous voulez&#8230;<\/p>","protected":false},"author":1,"featured_media":0,"parent":0,"menu_order":0,"comment_status":"open","ping_status":"open","template":"","meta":{"_monsterinsights_skip_tracking":false,"_monsterinsights_sitenote_active":false,"_monsterinsights_sitenote_note":"","_monsterinsights_sitenote_category":0,"footnotes":""},"categories":[],"tags":[],"class_list":["post-2432","page","type-page","status-publish","hentry"],"translation":{"provider":"WPGlobus","version":"3.0.2","language":"en","enabled_languages":["fr","en"],"languages":{"fr":{"title":true,"content":true,"excerpt":false},"en":{"title":false,"content":false,"excerpt":false}}},"yoast_head":"<!-- This site is optimized with the Yoast SEO plugin v26.7 - https:\/\/yoast.com\/wordpress\/plugins\/seo\/ -->\n<title>FAQ - Les petites joies de la vie londonienne<\/title>\n<meta name=\"robots\" content=\"index, follow, max-snippet:-1, max-image-preview:large, max-video-preview:-1\" \/>\n<link rel=\"canonical\" href=\"http:\/\/www.lespetitesjoiesdelavielondonienne.com\/une-question-une-reponse\/\" \/>\n<meta property=\"og:locale\" content=\"en_GB\" \/>\n<meta property=\"og:type\" content=\"article\" \/>\n<meta property=\"og:title\" content=\"FAQ - Les petites joies de la vie londonienne\" \/>\n<meta property=\"og:url\" content=\"http:\/\/www.lespetitesjoiesdelavielondonienne.com\/une-question-une-reponse\/\" \/>\n<meta property=\"og:site_name\" content=\"Les petites joies de la vie londonienne\" \/>\n<meta property=\"article:publisher\" content=\"http:\/\/facebook.com\/lespetitesjoiesdelavielondoni%e2%80%a6\" \/>\n<meta property=\"article:modified_time\" content=\"2014-04-02T10:51:40+00:00\" \/>\n<meta name=\"twitter:label1\" content=\"Est. reading time\" \/>\n\t<meta name=\"twitter:data1\" content=\"2 minutes\" \/>\n<script type=\"application\/ld+json\" class=\"yoast-schema-graph\">{\"@context\":\"https:\/\/schema.org\",\"@graph\":[{\"@type\":\"WebPage\",\"@id\":\"http:\/\/www.lespetitesjoiesdelavielondonienne.com\/une-question-une-reponse\/\",\"url\":\"http:\/\/www.lespetitesjoiesdelavielondonienne.com\/une-question-une-reponse\/\",\"name\":\"FAQ - Les petites joies de la vie londonienne\",\"isPartOf\":{\"@id\":\"http:\/\/www.lespetitesjoiesdelavielondonienne.com\/#website\"},\"datePublished\":\"2013-11-16T15:51:33+00:00\",\"dateModified\":\"2014-04-02T10:51:40+00:00\",\"description\":\"R\u00e9guli\u00e8rement, je re\u00e7ois des questions par mail ou sur la page Facebook du blog, vous voulez vous installer \u00e0 Londres, vous vous demandez si j'ai vraiment\",\"breadcrumb\":{\"@id\":\"http:\/\/www.lespetitesjoiesdelavielondonienne.com\/une-question-une-reponse\/#breadcrumb\"},\"inLanguage\":\"en-GB\",\"potentialAction\":[{\"@type\":\"ReadAction\",\"target\":[\"http:\/\/www.lespetitesjoiesdelavielondonienne.com\/une-question-une-reponse\/\"]}]},{\"@type\":\"BreadcrumbList\",\"@id\":\"http:\/\/www.lespetitesjoiesdelavielondonienne.com\/une-question-une-reponse\/#breadcrumb\",\"itemListElement\":[{\"@type\":\"ListItem\",\"position\":1,\"name\":\"Home\",\"item\":\"http:\/\/www.lespetitesjoiesdelavielondonienne.com\/\"},{\"@type\":\"ListItem\",\"position\":2,\"name\":\"FAQ\"}]},{\"@type\":\"WebSite\",\"@id\":\"http:\/\/www.lespetitesjoiesdelavielondonienne.com\/#website\",\"url\":\"http:\/\/www.lespetitesjoiesdelavielondonienne.com\/\",\"name\":\"Les petites joies de la vie londonienne\",\"description\":\"London lifestyle and French expat life\",\"publisher\":{\"@id\":\"http:\/\/www.lespetitesjoiesdelavielondonienne.com\/#organization\"},\"potentialAction\":[{\"@type\":\"SearchAction\",\"target\":{\"@type\":\"EntryPoint\",\"urlTemplate\":\"http:\/\/www.lespetitesjoiesdelavielondonienne.com\/?s={search_term_string}\"},\"query-input\":{\"@type\":\"PropertyValueSpecification\",\"valueRequired\":true,\"valueName\":\"search_term_string\"}}],\"inLanguage\":\"en-GB\"},{\"@type\":\"Organization\",\"@id\":\"http:\/\/www.lespetitesjoiesdelavielondonienne.com\/#organization\",\"name\":\"Les petites joies de la vie londonienne\",\"url\":\"http:\/\/www.lespetitesjoiesdelavielondonienne.com\/\",\"logo\":{\"@type\":\"ImageObject\",\"inLanguage\":\"en-GB\",\"@id\":\"http:\/\/www.lespetitesjoiesdelavielondonienne.com\/#\/schema\/logo\/image\/\",\"url\":\"http:\/\/www.lespetitesjoiesdelavielondonienne.com\/wp-content\/uploads\/2017\/07\/header-logo.png\",\"contentUrl\":\"http:\/\/www.lespetitesjoiesdelavielondonienne.com\/wp-content\/uploads\/2017\/07\/header-logo.png\",\"width\":405,\"height\":282,\"caption\":\"Les petites joies de la vie londonienne\"},\"image\":{\"@id\":\"http:\/\/www.lespetitesjoiesdelavielondonienne.com\/#\/schema\/logo\/image\/\"},\"sameAs\":[\"http:\/\/facebook.com\/lespetitesjoiesdelavielondoni\u2026\",\"https:\/\/x.com\/elodie_ldn\",\"http:\/\/instagram.com\/elodie_london\/\"]}]}<\/script>\n<!-- \/ Yoast SEO plugin. -->","yoast_head_json":{"title":"FAQ - Les petites joies de la vie londonienne","robots":{"index":"index","follow":"follow","max-snippet":"max-snippet:-1","max-image-preview":"max-image-preview:large","max-video-preview":"max-video-preview:-1"},"canonical":"http:\/\/www.lespetitesjoiesdelavielondonienne.com\/une-question-une-reponse\/","og_locale":"en_GB","og_type":"article","og_title":"FAQ - Les petites joies de la vie londonienne","og_url":"http:\/\/www.lespetitesjoiesdelavielondonienne.com\/une-question-une-reponse\/","og_site_name":"Les petites joies de la vie londonienne","article_publisher":"http:\/\/facebook.com\/lespetitesjoiesdelavielondoni%e2%80%a6","article_modified_time":"2014-04-02T10:51:40+00:00","twitter_misc":{"Est. reading time":"2 minutes"},"schema":{"@context":"https:\/\/schema.org","@graph":[{"@type":"WebPage","@id":"http:\/\/www.lespetitesjoiesdelavielondonienne.com\/une-question-une-reponse\/","url":"http:\/\/www.lespetitesjoiesdelavielondonienne.com\/une-question-une-reponse\/","name":"FAQ - Les petites joies de la vie londonienne","isPartOf":{"@id":"http:\/\/www.lespetitesjoiesdelavielondonienne.com\/#website"},"datePublished":"2013-11-16T15:51:33+00:00","dateModified":"2014-04-02T10:51:40+00:00","description":"R\u00e9guli\u00e8rement, je re\u00e7ois des questions par mail ou sur la page Facebook du blog, vous voulez vous installer \u00e0 Londres, vous vous demandez si j'ai vraiment","breadcrumb":{"@id":"http:\/\/www.lespetitesjoiesdelavielondonienne.com\/une-question-une-reponse\/#breadcrumb"},"inLanguage":"en-GB","potentialAction":[{"@type":"ReadAction","target":["http:\/\/www.lespetitesjoiesdelavielondonienne.com\/une-question-une-reponse\/"]}]},{"@type":"BreadcrumbList","@id":"http:\/\/www.lespetitesjoiesdelavielondonienne.com\/une-question-une-reponse\/#breadcrumb","itemListElement":[{"@type":"ListItem","position":1,"name":"Home","item":"http:\/\/www.lespetitesjoiesdelavielondonienne.com\/"},{"@type":"ListItem","position":2,"name":"FAQ"}]},{"@type":"WebSite","@id":"http:\/\/www.lespetitesjoiesdelavielondonienne.com\/#website","url":"http:\/\/www.lespetitesjoiesdelavielondonienne.com\/","name":"Les petites joies de la vie londonienne","description":"London lifestyle and French expat life","publisher":{"@id":"http:\/\/www.lespetitesjoiesdelavielondonienne.com\/#organization"},"potentialAction":[{"@type":"SearchAction","target":{"@type":"EntryPoint","urlTemplate":"http:\/\/www.lespetitesjoiesdelavielondonienne.com\/?s={search_term_string}"},"query-input":{"@type":"PropertyValueSpecification","valueRequired":true,"valueName":"search_term_string"}}],"inLanguage":"en-GB"},{"@type":"Organization","@id":"http:\/\/www.lespetitesjoiesdelavielondonienne.com\/#organization","name":"Les petites joies de la vie londonienne","url":"http:\/\/www.lespetitesjoiesdelavielondonienne.com\/","logo":{"@type":"ImageObject","inLanguage":"en-GB","@id":"http:\/\/www.lespetitesjoiesdelavielondonienne.com\/#\/schema\/logo\/image\/","url":"http:\/\/www.lespetitesjoiesdelavielondonienne.com\/wp-content\/uploads\/2017\/07\/header-logo.png","contentUrl":"http:\/\/www.lespetitesjoiesdelavielondonienne.com\/wp-content\/uploads\/2017\/07\/header-logo.png","width":405,"height":282,"caption":"Les petites joies de la vie londonienne"},"image":{"@id":"http:\/\/www.lespetitesjoiesdelavielondonienne.com\/#\/schema\/logo\/image\/"},"sameAs":["http:\/\/facebook.com\/lespetitesjoiesdelavielondoni\u2026","https:\/\/x.com\/elodie_ldn","http:\/\/instagram.com\/elodie_london\/"]}]}},"_links":{"self":[{"href":"http:\/\/www.lespetitesjoiesdelavielondonienne.com\/en\/wp-json\/wp\/v2\/pages\/2432","targetHints":{"allow":["GET"]}}],"collection":[{"href":"http:\/\/www.lespetitesjoiesdelavielondonienne.com\/en\/wp-json\/wp\/v2\/pages"}],"about":[{"href":"http:\/\/www.lespetitesjoiesdelavielondonienne.com\/en\/wp-json\/wp\/v2\/types\/page"}],"author":[{"embeddable":true,"href":"http:\/\/www.lespetitesjoiesdelavielondonienne.com\/en\/wp-json\/wp\/v2\/users\/1"}],"replies":[{"embeddable":true,"href":"http:\/\/www.lespetitesjoiesdelavielondonienne.com\/en\/wp-json\/wp\/v2\/comments?post=2432"}],"version-history":[{"count":0,"href":"http:\/\/www.lespetitesjoiesdelavielondonienne.com\/en\/wp-json\/wp\/v2\/pages\/2432\/revisions"}],"wp:attachment":[{"href":"http:\/\/www.lespetitesjoiesdelavielondonienne.com\/en\/wp-json\/wp\/v2\/media?parent=2432"}],"wp:term":[{"taxonomy":"category","embeddable":true,"href":"http:\/\/www.lespetitesjoiesdelavielondonienne.com\/en\/wp-json\/wp\/v2\/categories?post=2432"},{"taxonomy":"post_tag","embeddable":true,"href":"http:\/\/www.lespetitesjoiesdelavielondonienne.com\/en\/wp-json\/wp\/v2\/tags?post=2432"}],"curies":[{"name":"wp","href":"https:\/\/api.w.org\/{rel}","templated":true}]}}