{"id":15448,"date":"2016-06-23T09:22:28","date_gmt":"2016-06-23T10:22:28","guid":{"rendered":"http:\/\/www.lespetitesjoiesdelavielondonienne.com\/?page_id=15448"},"modified":"2016-06-23T09:22:28","modified_gmt":"2016-06-23T10:22:28","slug":"summer-in-london-shop","status":"publish","type":"page","link":"http:\/\/www.lespetitesjoiesdelavielondonienne.com\/en\/summer-in-london-shop\/","title":{"rendered":"Summer in London SHOP"},"content":{"rendered":"[vc_row][vc_column width=&#8221;2\/3&#8243;][vc_column_text]A Londres, le style c&#8217;est primordial. Que vous y viviez ou souhaitiez faire prolonger la magie londonienne, voici ma s\u00e9lection shopping de marques exclusivement anglaises pour un \u00e9t\u00e9 au top, comme une vraie londonienne![\/vc_column_text][vc_empty_space height=&#8221;50px&#8221;][vc_raw_html]JTNDJTIxLS0lMjBTSE9QU1RZTEUlMjBDT0xMRUNUSVZFJTIwV0lER0VUJTIwQ09ERSUyMFNUQVJUJTIwLS0lM0UlMjAlM0NkaXYlMjBjbGFzcyUzRCUyMnNob3BzZW5zZS13aWRnZXQlMjIlMjBkYXRhLW9wdGlvbnMlM0QlMjIlMjU3QiUyNTIyd2lkZ2V0SWQlMjUyMiUyNTNBJTI1MjI1NzZiYjM2NjQ1NDA0NDY5MzZkNzViOTclMjUyMiUyNTJDJTI1MjJ2ZXJzaW9uJTI1MjIlMjUzQTElMjUyQyUyNTIycGlkJTI1MjIlMjUzQSUyNTIydWlkODcyOS0zMTc5NzAyNy0zJTI1MjIlMjUyQyUyNTIyc2l6ZSUyNTIyJTI1M0ExOTAlMjUyQyUyNTIyY29sdW1ucyUyNTIyJTI1M0EzJTI1MkMlMjUyMnJvd3MlMjUyMiUyNTNBNyUyNTJDJTI1MjJ1cmwlMjUyMiUyNTNBJTI1MjJodHRwcyUyNTNBJTI1MkYlMjUyRmFwaS5zaG9wc3R5bGUuY28udWslMjUyRmFwaSUyNTJGdjIlMjUyMiUyNTJDJTI1MjJpZnJhbWVIZWlnaHQlMjUyMiUyNTNBMTQ5NSUyNTJDJTI1MjJpZnJhbWVXaWR0aCUyNTIyJTI1M0E2NzUlMjU3RCUyMiUzRSUyMCUzQ3NjcmlwdCUzRSUyMCUyMWZ1bmN0aW9uJTI4ZG9jJTJDcyUyQ2lkJTI5JTdCJTIwdmFyJTIwZSUyQyUyMHAlMkMlMjBjYiUzQiUyMGlmJTI4JTIxZG9jLmdldEVsZW1lbnRCeUlkJTI4aWQlMjklMjklMjAlN0IlMjBlJTIwJTNEJTIwZG9jLmNyZWF0ZUVsZW1lbnQlMjhzJTI5JTNCJTIwZS5pZCUyMCUzRCUyMGlkJTNCJTIwY2IlMjAlM0QlMjBuZXclMjBEYXRlJTI4JTI5LmdldFRpbWUlMjglMjkudG9TdHJpbmclMjglMjklM0IlMjBwJTIwJTNEJTIwJTI3JTJGJTJGc2hvcHNlbnNld2lkZ2V0LnNob3BzdHlsZS5jb20lMkZ3aWRnZXQtc2NyaXB0LmpzJTNGY2IlM0QxNDY2NjY3Nzg5ODA1JTNGY2IlM0QlMjclMjAlMkIlMjBjYiUzQiUyMGUuc3JjJTIwJTNEJTIwcCUzQiUyMGRvYy5ib2R5LmFwcGVuZENoaWxkJTI4ZSUyOSUzQiUyMCU3RCUyMGlmJTI4dHlwZW9mJTIwd2luZG93LnNzX3Nob3BzZW5zZSUyMCUzRCUzRCUzRCUyMCUyN29iamVjdCUyNyUyOSU3QiUyMGlmJTI4ZG9jLnJlYWR5U3RhdGUlMjAlM0QlM0QlM0QlMjAlMjdjb21wbGV0ZSUyNyUyOSU3QiUyMHdpbmRvdy5zc19zaG9wc2Vuc2UuaW5pdCUyOCUyOSUzQiUyMCU3RCUyMCU3RCUyMCU3RCUyOGRvY3VtZW50JTJDJTIwJTI3c2NyaXB0JTI3JTJDJTIwJTI3c2hvcHNlbnNld2lkZ2V0LXNjcmlwdCUyNyUyOSUzQiUyMCUzQyUyRnNjcmlwdCUzRSUyMCUzQ2lmcmFtZSUyMHNyYyUzRCUyMiUyRiUyRnNob3BzZW5zZXdpZGdldC5zaG9wc3R5bGUuY29tJTJGJTIzJTJGJTNGb3B0aW9ucyUzRCUyNTdCJTI1MjJ3aWRnZXRJZCUyNTIyJTI1M0ElMjUyMjU3NmJiMzY2NDU0MDQ0NjkzNmQ3NWI5NyUyNTIyJTI1MkMlMjUyMnZlcnNpb24lMjUyMiUyNTNBMSUyNTJDJTI1MjJwaWQlMjUyMiUyNTNBJTI1MjJ1aWQ4NzI5LTMxNzk3MDI3LTMlMjUyMiUyNTJDJTI1MjJzaXplJTI1MjIlMjUzQTE5MCUyNTJDJTI1MjJjb2x1bW5zJTI1MjIlMjUzQTMlMjUyQyUyNTIycm93cyUyNTIyJTI1M0E3JTI1MkMlMjUyMnVybCUyNTIyJTI1M0ElMjUyMmh0dHBzJTI1M0ElMjUyRiUyNTJGYXBpLnNob3BzdHlsZS5jby51ayUyNTJGYXBpJTI1MkZ2MiUyNTIyJTI1MkMlMjUyMmlmcmFtZUhlaWdodCUyNTIyJTI1M0ExNDk1JTI1MkMlMjUyMmlmcmFtZVdpZHRoJTI1MjIlMjUzQTY3NSUyNTdEJTIyJTBBJTIwJTIwaGVpZ2h0JTNEJTIyMTQ5NXB4JTIyJTBBJTIwJTIwd2lkdGglM0QlMjI2NzVweCUyMiUwQSUyMCUyMHNlYW1sZXNzJTIwc3R5bGUlM0QlMjJib3JkZXIlM0ElMjAwJTNCJTIyJTNFJTBBJTNDJTJGaWZyYW1lJTNFJTIwJTNDJTJGZGl2JTNFJTIwJTNDJTIxLS0lMjBTSE9QU1RZTEUlMjBDT0xMRUNUSVZFJTIwV0lER0VUJTIwQ09ERSUyMEVORCUyMC0tJTNF[\/vc_raw_html][\/vc_column][vc_column width=&#8221;1\/3&#8243;][vc_widget_sidebar sidebar_id=&#8221;lifestyle-menu&#8221;][\/vc_column][vc_column][vc_column_text]Je suis un bloc de texte, cliquez sur le bouton \\&#8221;\u00e9diter\\&#8221; pour me modifier. Lorem ipsum dolor sit amet, consectetur adipiscing elit. Ut elit tellus, luctus nec ullamcorper mattis, pulvinar dapibus leo.[\/vc_column_text][\/vc_column][vc_column][\/vc_column][\/vc_row]\n","protected":false},"excerpt":{"rendered":"<p>[vc_row][vc_column width=&#8221;2\/3&#8243;][vc_column_text]A Londres, le style c&#8217;est primordial. Que vous y viviez ou souhaitiez faire prolonger la&#8230;<\/p>","protected":false},"author":1,"featured_media":0,"parent":0,"menu_order":0,"comment_status":"closed","ping_status":"closed","template":"","meta":{"_monsterinsights_skip_tracking":false,"_monsterinsights_sitenote_active":false,"_monsterinsights_sitenote_note":"","_monsterinsights_sitenote_category":0,"footnotes":""},"categories":[],"tags":[],"class_list":["post-15448","page","type-page","status-publish","hentry"],"translation":{"provider":"WPGlobus","version":"3.0.2","language":"en","enabled_languages":["fr","en"],"languages":{"fr":{"title":true,"content":true,"excerpt":false},"en":{"title":false,"content":false,"excerpt":false}}},"yoast_head":"<!-- This site is optimized with the Yoast SEO plugin v26.7 - https:\/\/yoast.com\/wordpress\/plugins\/seo\/ -->\n<title>Summer in London SHOP - Les petites joies de la vie londonienne<\/title>\n<meta name=\"robots\" content=\"index, follow, max-snippet:-1, max-image-preview:large, max-video-preview:-1\" \/>\n<link rel=\"canonical\" href=\"https:\/\/www.lespetitesjoiesdelavielondonienne.com\/en\/summer-in-london-shop\/\" \/>\n<meta property=\"og:locale\" content=\"en_GB\" \/>\n<meta property=\"og:type\" content=\"article\" \/>\n<meta property=\"og:title\" content=\"Summer in London SHOP - Les petites joies de la vie londonienne\" \/>\n<meta property=\"og:url\" content=\"https:\/\/www.lespetitesjoiesdelavielondonienne.com\/en\/summer-in-london-shop\/\" \/>\n<meta property=\"og:site_name\" content=\"Les petites joies de la vie londonienne\" \/>\n<meta property=\"article:publisher\" content=\"http:\/\/facebook.com\/lespetitesjoiesdelavielondoni%e2%80%a6\" \/>\n<meta name=\"twitter:label1\" content=\"Est. reading time\" \/>\n\t<meta name=\"twitter:data1\" content=\"2 minutes\" \/>\n<script type=\"application\/ld+json\" class=\"yoast-schema-graph\">{\"@context\":\"https:\/\/schema.org\",\"@graph\":[{\"@type\":\"WebPage\",\"@id\":\"https:\/\/www.lespetitesjoiesdelavielondonienne.com\/en\/summer-in-london-shop\/\",\"url\":\"https:\/\/www.lespetitesjoiesdelavielondonienne.com\/en\/summer-in-london-shop\/\",\"name\":\"Summer in London SHOP - Les petites joies de la vie londonienne\",\"isPartOf\":{\"@id\":\"http:\/\/www.lespetitesjoiesdelavielondonienne.com\/#website\"},\"datePublished\":\"2016-06-23T10:22:28+00:00\",\"description\":\"A Londres, le style c'est primordial. Que vous y viviez ou souhaitiez faire prolonger la magie londonienne, voici ma s\u00e9lection shopping de marques\",\"breadcrumb\":{\"@id\":\"https:\/\/www.lespetitesjoiesdelavielondonienne.com\/en\/summer-in-london-shop\/#breadcrumb\"},\"inLanguage\":\"en-GB\",\"potentialAction\":[{\"@type\":\"ReadAction\",\"target\":[\"https:\/\/www.lespetitesjoiesdelavielondonienne.com\/en\/summer-in-london-shop\/\"]}]},{\"@type\":\"BreadcrumbList\",\"@id\":\"https:\/\/www.lespetitesjoiesdelavielondonienne.com\/en\/summer-in-london-shop\/#breadcrumb\",\"itemListElement\":[{\"@type\":\"ListItem\",\"position\":1,\"name\":\"Home\",\"item\":\"http:\/\/www.lespetitesjoiesdelavielondonienne.com\/\"},{\"@type\":\"ListItem\",\"position\":2,\"name\":\"Summer in London SHOP\"}]},{\"@type\":\"WebSite\",\"@id\":\"http:\/\/www.lespetitesjoiesdelavielondonienne.com\/#website\",\"url\":\"http:\/\/www.lespetitesjoiesdelavielondonienne.com\/\",\"name\":\"Les petites joies de la vie londonienne\",\"description\":\"London lifestyle and French expat life\",\"publisher\":{\"@id\":\"http:\/\/www.lespetitesjoiesdelavielondonienne.com\/#organization\"},\"potentialAction\":[{\"@type\":\"SearchAction\",\"target\":{\"@type\":\"EntryPoint\",\"urlTemplate\":\"http:\/\/www.lespetitesjoiesdelavielondonienne.com\/?s={search_term_string}\"},\"query-input\":{\"@type\":\"PropertyValueSpecification\",\"valueRequired\":true,\"valueName\":\"search_term_string\"}}],\"inLanguage\":\"en-GB\"},{\"@type\":\"Organization\",\"@id\":\"http:\/\/www.lespetitesjoiesdelavielondonienne.com\/#organization\",\"name\":\"Les petites joies de la vie londonienne\",\"url\":\"http:\/\/www.lespetitesjoiesdelavielondonienne.com\/\",\"logo\":{\"@type\":\"ImageObject\",\"inLanguage\":\"en-GB\",\"@id\":\"http:\/\/www.lespetitesjoiesdelavielondonienne.com\/#\/schema\/logo\/image\/\",\"url\":\"http:\/\/www.lespetitesjoiesdelavielondonienne.com\/wp-content\/uploads\/2017\/07\/header-logo.png\",\"contentUrl\":\"http:\/\/www.lespetitesjoiesdelavielondonienne.com\/wp-content\/uploads\/2017\/07\/header-logo.png\",\"width\":405,\"height\":282,\"caption\":\"Les petites joies de la vie londonienne\"},\"image\":{\"@id\":\"http:\/\/www.lespetitesjoiesdelavielondonienne.com\/#\/schema\/logo\/image\/\"},\"sameAs\":[\"http:\/\/facebook.com\/lespetitesjoiesdelavielondoni\u2026\",\"https:\/\/x.com\/elodie_ldn\",\"http:\/\/instagram.com\/elodie_london\/\"]}]}<\/script>\n<!-- \/ Yoast SEO plugin. -->","yoast_head_json":{"title":"Summer in London SHOP - Les petites joies de la vie londonienne","robots":{"index":"index","follow":"follow","max-snippet":"max-snippet:-1","max-image-preview":"max-image-preview:large","max-video-preview":"max-video-preview:-1"},"canonical":"https:\/\/www.lespetitesjoiesdelavielondonienne.com\/en\/summer-in-london-shop\/","og_locale":"en_GB","og_type":"article","og_title":"Summer in London SHOP - Les petites joies de la vie londonienne","og_url":"https:\/\/www.lespetitesjoiesdelavielondonienne.com\/en\/summer-in-london-shop\/","og_site_name":"Les petites joies de la vie londonienne","article_publisher":"http:\/\/facebook.com\/lespetitesjoiesdelavielondoni%e2%80%a6","twitter_misc":{"Est. reading time":"2 minutes"},"schema":{"@context":"https:\/\/schema.org","@graph":[{"@type":"WebPage","@id":"https:\/\/www.lespetitesjoiesdelavielondonienne.com\/en\/summer-in-london-shop\/","url":"https:\/\/www.lespetitesjoiesdelavielondonienne.com\/en\/summer-in-london-shop\/","name":"Summer in London SHOP - Les petites joies de la vie londonienne","isPartOf":{"@id":"http:\/\/www.lespetitesjoiesdelavielondonienne.com\/#website"},"datePublished":"2016-06-23T10:22:28+00:00","description":"A Londres, le style c'est primordial. Que vous y viviez ou souhaitiez faire prolonger la magie londonienne, voici ma s\u00e9lection shopping de marques","breadcrumb":{"@id":"https:\/\/www.lespetitesjoiesdelavielondonienne.com\/en\/summer-in-london-shop\/#breadcrumb"},"inLanguage":"en-GB","potentialAction":[{"@type":"ReadAction","target":["https:\/\/www.lespetitesjoiesdelavielondonienne.com\/en\/summer-in-london-shop\/"]}]},{"@type":"BreadcrumbList","@id":"https:\/\/www.lespetitesjoiesdelavielondonienne.com\/en\/summer-in-london-shop\/#breadcrumb","itemListElement":[{"@type":"ListItem","position":1,"name":"Home","item":"http:\/\/www.lespetitesjoiesdelavielondonienne.com\/"},{"@type":"ListItem","position":2,"name":"Summer in London SHOP"}]},{"@type":"WebSite","@id":"http:\/\/www.lespetitesjoiesdelavielondonienne.com\/#website","url":"http:\/\/www.lespetitesjoiesdelavielondonienne.com\/","name":"Les petites joies de la vie londonienne","description":"London lifestyle and French expat life","publisher":{"@id":"http:\/\/www.lespetitesjoiesdelavielondonienne.com\/#organization"},"potentialAction":[{"@type":"SearchAction","target":{"@type":"EntryPoint","urlTemplate":"http:\/\/www.lespetitesjoiesdelavielondonienne.com\/?s={search_term_string}"},"query-input":{"@type":"PropertyValueSpecification","valueRequired":true,"valueName":"search_term_string"}}],"inLanguage":"en-GB"},{"@type":"Organization","@id":"http:\/\/www.lespetitesjoiesdelavielondonienne.com\/#organization","name":"Les petites joies de la vie londonienne","url":"http:\/\/www.lespetitesjoiesdelavielondonienne.com\/","logo":{"@type":"ImageObject","inLanguage":"en-GB","@id":"http:\/\/www.lespetitesjoiesdelavielondonienne.com\/#\/schema\/logo\/image\/","url":"http:\/\/www.lespetitesjoiesdelavielondonienne.com\/wp-content\/uploads\/2017\/07\/header-logo.png","contentUrl":"http:\/\/www.lespetitesjoiesdelavielondonienne.com\/wp-content\/uploads\/2017\/07\/header-logo.png","width":405,"height":282,"caption":"Les petites joies de la vie londonienne"},"image":{"@id":"http:\/\/www.lespetitesjoiesdelavielondonienne.com\/#\/schema\/logo\/image\/"},"sameAs":["http:\/\/facebook.com\/lespetitesjoiesdelavielondoni\u2026","https:\/\/x.com\/elodie_ldn","http:\/\/instagram.com\/elodie_london\/"]}]}},"_links":{"self":[{"href":"http:\/\/www.lespetitesjoiesdelavielondonienne.com\/en\/wp-json\/wp\/v2\/pages\/15448","targetHints":{"allow":["GET"]}}],"collection":[{"href":"http:\/\/www.lespetitesjoiesdelavielondonienne.com\/en\/wp-json\/wp\/v2\/pages"}],"about":[{"href":"http:\/\/www.lespetitesjoiesdelavielondonienne.com\/en\/wp-json\/wp\/v2\/types\/page"}],"author":[{"embeddable":true,"href":"http:\/\/www.lespetitesjoiesdelavielondonienne.com\/en\/wp-json\/wp\/v2\/users\/1"}],"replies":[{"embeddable":true,"href":"http:\/\/www.lespetitesjoiesdelavielondonienne.com\/en\/wp-json\/wp\/v2\/comments?post=15448"}],"version-history":[{"count":0,"href":"http:\/\/www.lespetitesjoiesdelavielondonienne.com\/en\/wp-json\/wp\/v2\/pages\/15448\/revisions"}],"wp:attachment":[{"href":"http:\/\/www.lespetitesjoiesdelavielondonienne.com\/en\/wp-json\/wp\/v2\/media?parent=15448"}],"wp:term":[{"taxonomy":"category","embeddable":true,"href":"http:\/\/www.lespetitesjoiesdelavielondonienne.com\/en\/wp-json\/wp\/v2\/categories?post=15448"},{"taxonomy":"post_tag","embeddable":true,"href":"http:\/\/www.lespetitesjoiesdelavielondonienne.com\/en\/wp-json\/wp\/v2\/tags?post=15448"}],"curies":[{"name":"wp","href":"https:\/\/api.w.org\/{rel}","templated":true}]}}